{"id":154939,"date":"2025-03-11T16:33:40","date_gmt":"2025-03-11T15:33:40","guid":{"rendered":"https:\/\/coronado-4.com\/politica-privacidad\/"},"modified":"2025-04-28T12:09:44","modified_gmt":"2025-04-28T10:09:44","slug":"politica-privacidad","status":"publish","type":"page","link":"https:\/\/coronado-4.com\/es\/politica-privacidad\/","title":{"rendered":"Pol\u00edtica de privacidad"},"content":{"rendered":"<div class=\"wpb-content-wrapper\"><p>[vc_row unlock_row_content=\u00bbyes\u00bb row_height_percent=\u00bb58&#8243; back_image=\u00bb154181&#8243; back_position=\u00bbcenter top\u00bb overlay_alpha=\u00bb50&#8243; gutter_size=\u00bb3&#8243; column_width_percent=\u00bb100&#8243; shift_y=\u00bb0&#8243; z_index=\u00bb0&#8243; content_parallax=\u00bb0&#8243; uncode_shortcode_id=\u00bb212307&#8243; row_height_pixel=\u00bb300&#8243;][vc_column column_width_percent=\u00bb100&#8243; gutter_size=\u00bb3&#8243; style=\u00bbdark\u00bb overlay_alpha=\u00bb50&#8243; shift_x=\u00bb0&#8243; shift_y=\u00bb0&#8243; shift_y_down=\u00bb0&#8243; z_index=\u00bb0&#8243; medium_width=\u00bb0&#8243; mobile_width=\u00bb0&#8243; width=\u00bb1\/1&#8243; uncode_shortcode_id=\u00bb185272&#8243;][\/vc_column][\/vc_row][vc_row][vc_column][vc_column_text uncode_shortcode_id=\u00bb758272&#8243;]<\/p>\n<p class=\"\" data-start=\"57\" data-end=\"491\">Este texto legal te ofrece una explicaci\u00f3n detallada de c\u00f3mo procesamos y recopilamos tus datos personales mediante el uso de nuestro sitio web <strong data-start=\"201\" data-end=\"237\"><a class=\"\" href=\"http:\/\/www.bellingtonspropertygroup.com\" target=\"_new\" rel=\"noopener\" data-start=\"203\" data-end=\"235\">www.bellingtonspropertygroup.com<\/a><\/strong>, incluyendo cualquier informaci\u00f3n que puedas proporcionarnos a trav\u00e9s del sitio cuando contrates un servicio o compres un producto, te registres en nuestro bolet\u00edn o nos proporciones tus datos de contacto a trav\u00e9s del formulario habilitado para tal fin.<\/p>\n<p class=\"\" data-start=\"493\" data-end=\"885\">Al proporcionarnos los datos, te informamos que nuestros servicios no son posibles para aquellas personas a las que la normativa impide otorgar su consentimiento, por lo que, al enviarnos los formularios, garantizas que tienes la capacidad suficiente para conceder dicho consentimiento. A continuaci\u00f3n, te informamos sobre la pol\u00edtica de protecci\u00f3n de datos de Bellingtons Property Group S.L.<\/p>\n<p class=\"\" data-start=\"887\" data-end=\"918\"><strong data-start=\"887\" data-end=\"918\">Responsable del Tratamiento<\/strong><\/p>\n<p class=\"\" data-start=\"920\" data-end=\"954\">Datos de contacto del responsable:<\/p>\n<p class=\"\" data-start=\"956\" data-end=\"1211\"><strong data-start=\"956\" data-end=\"991\">Bellingtons Property Group S.L.<\/strong> con CIF: B16828550 y direcci\u00f3n en Calle Gabriel Celaya 49, Nueva Andaluc\u00eda 29660, Marbella, M\u00e1laga. Tel\u00e9fono: 661414356<br data-start=\"1111\" data-end=\"1114\" \/>Correo electr\u00f3nico: <a class=\"\" href=\"mailto:info@bellingtonspropertygroup.com\" rel=\"noopener\" data-start=\"1134\" data-end=\"1211\">info@bellingtonspropertygroup.com<\/a><\/p>\n<p class=\"\" data-start=\"1213\" data-end=\"1277\"><strong data-start=\"1213\" data-end=\"1248\">Bellingtons Property Group S.L.<\/strong> es responsable de tus datos.<\/p>\n<p class=\"\" data-start=\"1279\" data-end=\"1306\"><strong data-start=\"1279\" data-end=\"1306\">\u00bfQu\u00e9 datos recopilamos?<\/strong><\/p>\n<p class=\"\" data-start=\"1308\" data-end=\"1587\">El Reglamento General de Protecci\u00f3n de Datos define los datos personales como cualquier informaci\u00f3n sobre una persona natural identificada o identificable, es decir, cualquier informaci\u00f3n capaz de identificar a una persona. Esto no incluir\u00eda datos an\u00f3nimos ni datos estad\u00edsticos.<\/p>\n<p class=\"\" data-start=\"1589\" data-end=\"1827\">Los datos personales que puedan ser recopilados directamente de la parte interesada ser\u00e1n tratados de forma confidencial y ser\u00e1n incorporados a las actividades correspondientes del tratamiento, propiedad de Bellingtons Property Group S.L.<\/p>\n<p class=\"\" data-start=\"1829\" data-end=\"1922\">En nuestro sitio web, podemos procesar ciertos tipos de datos personales, que pueden incluir:<\/p>\n<ul data-start=\"1924\" data-end=\"2025\">\n<li class=\"\" data-start=\"1924\" data-end=\"1969\">\n<p class=\"\" data-start=\"1926\" data-end=\"1969\"><strong data-start=\"1926\" data-end=\"1948\">Datos de identidad<\/strong>: nombre y apellidos.<\/p>\n<\/li>\n<li class=\"\" data-start=\"1970\" data-end=\"2025\">\n<p class=\"\" data-start=\"1972\" data-end=\"2025\"><strong data-start=\"1972\" data-end=\"1993\">Datos de contacto<\/strong>: correo electr\u00f3nico y tel\u00e9fono.<\/p>\n<\/li>\n<\/ul>\n<p class=\"\" data-start=\"2027\" data-end=\"2296\">No recopilamos datos relacionados con categor\u00edas especiales de datos personales (aquellos que revelan tu origen \u00e9tnico o racial, opiniones pol\u00edticas, convicciones religiosas o filos\u00f3ficas, afiliaci\u00f3n sindical, informaci\u00f3n sobre tu salud, datos gen\u00e9ticos o biom\u00e9tricos).<\/p>\n<p class=\"\" data-start=\"2298\" data-end=\"2574\">En el caso de que te solicitemos la recopilaci\u00f3n de datos personales por ley o bajo los t\u00e9rminos del contrato entre nosotros y t\u00fa, y te niegues a proporcionarlos, es posible que no podamos realizar dicho contrato o prestarte el servicio, y deber\u00e1s notificarnos con antelaci\u00f3n.<\/p>\n<p class=\"\" data-start=\"2576\" data-end=\"2619\"><strong data-start=\"2576\" data-end=\"2619\">\u00bfC\u00f3mo recopilamos tus datos personales?<\/strong><\/p>\n<p class=\"\" data-start=\"2621\" data-end=\"2815\">Los medios que utilizamos para recopilar datos personales son a trav\u00e9s del formulario de nuestro sitio web, mediante nuestro correo electr\u00f3nico de contacto, por tel\u00e9fono o correo postal, cuando:<\/p>\n<ul data-start=\"2817\" data-end=\"3006\">\n<li class=\"\" data-start=\"2817\" data-end=\"2878\">\n<p class=\"\" data-start=\"2819\" data-end=\"2878\">Solicitas informaci\u00f3n sobre nuestros productos o servicios.<\/p>\n<\/li>\n<li class=\"\" data-start=\"2879\" data-end=\"2939\">\n<p class=\"\" data-start=\"2881\" data-end=\"2939\">Contratas la prestaci\u00f3n de nuestros servicios o productos.<\/p>\n<\/li>\n<li class=\"\" data-start=\"2940\" data-end=\"3006\">\n<p class=\"\" data-start=\"2942\" data-end=\"3006\">Te suscribes a cualquiera de nuestros servicios o publicaciones.<\/p>\n<\/li>\n<\/ul>\n<p class=\"\" data-start=\"3008\" data-end=\"3401\">Para garantizar la calidad de nuestro portal, nos reservamos <strong data-start=\"3069\" data-end=\"3127\">el derecho de rechazar cualquier solicitud de registro<\/strong> o suspender o cancelar un registro previamente aceptado si entendemos que no cumple con estos requisitos o con cualquier otra ley o normativa. Si esto ocurre, intentaremos indicar las razones de nuestra decisi\u00f3n, pero no podemos comprometernos a hacerlo en todos los casos.<\/p>\n<ul data-start=\"3403\" data-end=\"3837\">\n<li class=\"\" data-start=\"3403\" data-end=\"3742\">\n<p class=\"\" data-start=\"3405\" data-end=\"3742\"><strong data-start=\"3405\" data-end=\"3458\">Mediante tecnolog\u00eda o interacciones automatizadas<\/strong>: en nuestro sitio, podemos recopilar autom\u00e1ticamente datos t\u00e9cnicos sobre tu equipo, acciones de navegaci\u00f3n y patrones de uso. Estos datos se recopilan a trav\u00e9s de cookies o tecnolog\u00edas similares. Si deseas m\u00e1s informaci\u00f3n, puedes consultar nuestra pol\u00edtica de cookies aqu\u00ed (enlace).<\/p>\n<\/li>\n<li class=\"\" data-start=\"3743\" data-end=\"3837\">\n<p class=\"\" data-start=\"3745\" data-end=\"3837\"><strong data-start=\"3745\" data-end=\"3769\">A trav\u00e9s de terceros<\/strong>: Google: datos anal\u00edticos o de b\u00fasqueda. Fuera de la Uni\u00f3n Europea.<\/p>\n<\/li>\n<\/ul>\n<p class=\"\" data-start=\"3839\" data-end=\"3873\"><strong data-start=\"3839\" data-end=\"3873\">Protecci\u00f3n de Datos Personales<\/strong><\/p>\n<p class=\"\" data-start=\"3875\" data-end=\"4177\">Bellingtons Property Group est\u00e1 muy comprometido con el cumplimiento de la normativa sobre protecci\u00f3n de datos personales y asegura el cumplimiento total de las obligaciones establecidas, as\u00ed como la aplicaci\u00f3n de medidas de seguridad adecuadas para garantizar un nivel de seguridad adecuado al riesgo.<\/p>\n<p class=\"\" data-start=\"4179\" data-end=\"4419\">Bellingtons Property Group S.L. pone a disposici\u00f3n de los usuarios su Pol\u00edtica de Privacidad, y se ofrece informaci\u00f3n adicional sobre el tratamiento de los datos realizado a trav\u00e9s del formulario web en <strong data-start=\"4382\" data-end=\"4418\"><a class=\"\" href=\"http:\/\/www.bellingtonspropertygroup.com\" target=\"_new\" rel=\"noopener\" data-start=\"4384\" data-end=\"4416\">www.bellingtonspropertygroup.com<\/a><\/strong>.<\/p>\n<p class=\"\" data-start=\"4421\" data-end=\"4440\"><strong data-start=\"4421\" data-end=\"4440\">Responsabilidad<\/strong><\/p>\n<p class=\"\" data-start=\"4442\" data-end=\"4711\">Bellingtons Property Group no asegura la inexistencia de errores al visitar nuestro sitio web, ni de la informaci\u00f3n subida ni su contenido. Sin embargo, Bellingtons Property Group har\u00e1 todo lo posible para limitar sus errores, modificarlos y revisarlos si es necesario.<\/p>\n<p class=\"\" data-start=\"4713\" data-end=\"5314\">El usuario ser\u00e1 responsable de la informaci\u00f3n contenida en los portales de Bellingtons Property Group, as\u00ed como del uso de dicha informaci\u00f3n. Bellingtons Property Group no se hace responsable de los posibles errores que puedan ocurrir, ni de los da\u00f1os que puedan ser causados al sistema inform\u00e1tico del usuario (hardware y software), archivos o documentos almacenados en el mismo, como resultado de la presencia de un virus en el equipo del usuario utilizado para conectar a los servicios y contenidos del sitio web, un mal funcionamiento del navegador o el uso de versiones no actualizadas del mismo.<\/p>\n<p>[\/vc_column_text][\/vc_column][\/vc_row]<\/p>\n<\/div>","protected":false},"excerpt":{"rendered":"<p>[vc_row unlock_row_content=\u00bbyes\u00bb row_height_percent=\u00bb58&#8243; back_image=\u00bb154181&#8243; back_position=\u00bbcenter top\u00bb overlay_alpha=\u00bb50&#8243; gutter_size=\u00bb3&#8243; column_width_percent=\u00bb100&#8243; shift_y=\u00bb0&#8243; z_index=\u00bb0&#8243; content_parallax=\u00bb0&#8243; uncode_shortcode_id=\u00bb212307&#8243; row_height_pixel=\u00bb300&#8243;][vc_column column_width_percent=\u00bb100&#8243; gutter_size=\u00bb3&#8243; style=\u00bbdark\u00bb overlay_alpha=\u00bb50&#8243; shift_x=\u00bb0&#8243; shift_y=\u00bb0&#8243; [&hellip;]<\/p>\n","protected":false},"author":1,"featured_media":0,"parent":0,"menu_order":0,"comment_status":"closed","ping_status":"open","template":"","meta":{"footnotes":""},"class_list":["post-154939","page","type-page","status-publish","hentry"],"_links":{"self":[{"href":"https:\/\/coronado-4.com\/es\/wp-json\/wp\/v2\/pages\/154939","targetHints":{"allow":["GET"]}}],"collection":[{"href":"https:\/\/coronado-4.com\/es\/wp-json\/wp\/v2\/pages"}],"about":[{"href":"https:\/\/coronado-4.com\/es\/wp-json\/wp\/v2\/types\/page"}],"author":[{"embeddable":true,"href":"https:\/\/coronado-4.com\/es\/wp-json\/wp\/v2\/users\/1"}],"replies":[{"embeddable":true,"href":"https:\/\/coronado-4.com\/es\/wp-json\/wp\/v2\/comments?post=154939"}],"version-history":[{"count":2,"href":"https:\/\/coronado-4.com\/es\/wp-json\/wp\/v2\/pages\/154939\/revisions"}],"predecessor-version":[{"id":154944,"href":"https:\/\/coronado-4.com\/es\/wp-json\/wp\/v2\/pages\/154939\/revisions\/154944"}],"wp:attachment":[{"href":"https:\/\/coronado-4.com\/es\/wp-json\/wp\/v2\/media?parent=154939"}],"curies":[{"name":"wp","href":"https:\/\/api.w.org\/{rel}","templated":true}]}}