{"id":154930,"date":"2025-03-20T09:32:17","date_gmt":"2025-03-20T08:32:17","guid":{"rendered":"https:\/\/coronado-4.com\/home\/"},"modified":"2025-12-19T12:55:57","modified_gmt":"2025-12-19T11:55:57","slug":"home","status":"publish","type":"page","link":"https:\/\/coronado-4.com\/es\/","title":{"rendered":"home"},"content":{"rendered":"<div class=\"wpb-content-wrapper\"><p>[vc_row row_height_percent=\u00bb100&#8243; override_padding=\u00bbyes\u00bb h_padding=\u00bb0&#8243; top_padding=\u00bb5&#8243; bottom_padding=\u00bb5&#8243; back_color=\u00bbcolor-wayh\u00bb back_image=\u00bb154834&#8243; overlay_alpha=\u00bb50&#8243; gutter_size=\u00bb3&#8243; column_width_percent=\u00bb100&#8243; shift_y=\u00bb0&#8243; z_index=\u00bb0&#8243; content_parallax=\u00bb0&#8243; uncode_shortcode_id=\u00bb191993&#8243; back_color_type=\u00bbuncode-palette\u00bb back_size=\u00bbcontain\u00bb row_height_pixel=\u00bb250&#8243;][vc_column column_width_percent=\u00bb100&#8243; position_vertical=\u00bbmiddle\u00bb align_horizontal=\u00bbalign_center\u00bb gutter_size=\u00bb3&#8243; style=\u00bbdark\u00bb overlay_alpha=\u00bb50&#8243; shift_x=\u00bb0&#8243; shift_y=\u00bb0&#8243; shift_y_down=\u00bb0&#8243; z_index=\u00bb0&#8243; medium_width=\u00bb0&#8243; mobile_width=\u00bb0&#8243; width=\u00bb1\/1&#8243; mobile_height=\u00bb360&#8243; uncode_shortcode_id=\u00bb541268&#8243;][\/vc_column][\/vc_row][vc_row row_height_percent=\u00bb0&#8243; override_padding=\u00bbyes\u00bb h_padding=\u00bb2&#8243; top_padding=\u00bb5&#8243; bottom_padding=\u00bb5&#8243; back_image=\u00bb154224&#8243; back_repeat=\u00bbrepeat\u00bb overlay_alpha=\u00bb50&#8243; gutter_size=\u00bb3&#8243; column_width_percent=\u00bb100&#8243; shift_y=\u00bb0&#8243; z_index=\u00bb0&#8243; content_parallax=\u00bb0&#8243; uncode_shortcode_id=\u00bb104270&#8243; back_size=\u00bbauto\u00bb][vc_column column_width_use_pixel=\u00bbyes\u00bb align_horizontal=\u00bbalign_center\u00bb gutter_size=\u00bb3&#8243; overlay_alpha=\u00bb50&#8243; shift_x=\u00bb0&#8243; shift_y=\u00bb0&#8243; shift_y_down=\u00bb0&#8243; z_index=\u00bb0&#8243; medium_width=\u00bb0&#8243; mobile_width=\u00bb0&#8243; width=\u00bb1\/1&#8243; column_width_pixel=\u00bb1200&#8243; uncode_shortcode_id=\u00bb539668&#8243;][vc_single_image media=\u00bb154811&#8243; media_width_use_pixel=\u00bbyes\u00bb alignment=\u00bbcenter\u00bb css_animation=\u00bbtop-t-bottom\u00bb uncode_shortcode_id=\u00bb156985&#8243; media_width_pixel=\u00bb350&#8243;][vc_custom_heading heading_semantic=\u00bbh3&#8243; text_font=\u00bbfont-928874&#8243; text_size=\u00bbh1&#8243; css_animation=\u00bbtypewriter\u00bb interval_animation=\u00bb80&#8243; uncode_shortcode_id=\u00bb114059&#8243;]El Centro Hist\u00f3rico de M\u00e1laga, Tu Inversi\u00f3n M\u00e1s Inteligente[\/vc_custom_heading][vc_column_text text_lead=\u00bbyes\u00bb css_animation=\u00bbtop-t-bottom\u00bb animation_delay=\u00bb900&#8243; uncode_shortcode_id=\u00bb126232&#8243;]En el vibrante coraz\u00f3n de M\u00e1laga, donde la historia y la vida moderna se encuentran, surge una oportunidad \u00fanica: <strong>NUEVAS residencias en Calle Coronado 4<\/strong> \u2014 un santuario de elegancia y autenticidad en pleno centro de la ciudad.<\/p>\n<p>Vivir aqu\u00ed significa despertar cada d\u00eda con los susurros de calles adoquinadas con siglos de historia, rodeado de fachadas hist\u00f3ricas que hoy brillan con nueva vida. A solo unos minutos caminando de la Plaza de la Constituci\u00f3n, disfrutando de un caf\u00e9 reci\u00e9n hecho en las encantadoras terrazas de la Calle Larios, o dej\u00e1ndote llevar por el arte atemporal del Museo Picasso \u2014 todo a la vuelta de la esquina.<\/p>\n<p>Estas viviendas bellamente restauradas conservan el alma y el car\u00e1cter de la M\u00e1laga tradicional, al tiempo que incorporan todas las comodidades modernas. Cada espacio es luminoso, acogedor y dise\u00f1ado con esmero, combinando acabados contempor\u00e1neos, materiales de alta calidad y distribuciones pensadas para el estilo de vida actual. Es una armoniosa fusi\u00f3n entre el legado y la innovaci\u00f3n.[\/vc_column_text][vc_single_image media=\u00bb154964&#8243; media_width_percent=\u00bb100&#8243; alignment=\u00bbcenter\u00bb css_animation=\u00bbbottom-t-top\u00bb animation_delay=\u00bb1200&#8243; uncode_shortcode_id=\u00bb884822&#8243;][vc_button button_color=\u00bbaccent\u00bb size=\u00bbbtn-lg\u00bb border_width=\u00bb0&#8243; button_color_type=\u00bbuncode-palette\u00bb uncode_shortcode_id=\u00bb160992&#8243; link=\u00bburl:https%3A%2F%2Fcoronado-4.com%2Fes%2Ffloor-plans%2F|title:Floor%20Plans|\u00bb]VER PLANOS DE VIVIENDAS[\/vc_button][\/vc_column][\/vc_row][vc_row unlock_row_content=\u00bbyes\u00bb row_height_percent=\u00bb84&#8243; override_padding=\u00bbyes\u00bb h_padding=\u00bb0&#8243; top_padding=\u00bb5&#8243; bottom_padding=\u00bb5&#8243; back_image=\u00bb154440&#8243; back_repeat=\u00bbrepeat\u00bb overlay_color=\u00bbcolor-170958&#8243; overlay_alpha=\u00bb50&#8243; overlay_color_blend=\u00bbmultiply\u00bb equal_height=\u00bbyes\u00bb gutter_size=\u00bb0&#8243; column_width_percent=\u00bb100&#8243; shift_y=\u00bb0&#8243; z_index=\u00bb0&#8243; content_parallax=\u00bb0&#8243; uncode_shortcode_id=\u00bb900151&#8243; back_size=\u00bbauto\u00bb overlay_color_type=\u00bbuncode-palette\u00bb row_height_pixel=\u00bb250&#8243;][vc_column column_width_percent=\u00bb100&#8243; align_horizontal=\u00bbalign_center\u00bb gutter_size=\u00bb3&#8243; overlay_alpha=\u00bb50&#8243; shift_x=\u00bb0&#8243; shift_y=\u00bb0&#8243; shift_y_down=\u00bb0&#8243; z_index=\u00bb0&#8243; medium_width=\u00bb0&#8243; mobile_width=\u00bb0&#8243; width=\u00bb2\/12&#8243; uncode_shortcode_id=\u00bb129334&#8243;][\/vc_column][vc_column column_width_percent=\u00bb100&#8243; gutter_size=\u00bb4&#8243; override_padding=\u00bbyes\u00bb column_padding=\u00bb2&#8243; style=\u00bbdark\u00bb overlay_alpha=\u00bb50&#8243; shift_x=\u00bb0&#8243; shift_y=\u00bb0&#8243; shift_y_down=\u00bb0&#8243; z_index=\u00bb0&#8243; medium_width=\u00bb0&#8243; mobile_width=\u00bb0&#8243; css_animation=\u00bbalpha-anim\u00bb animation_speed=\u00bb1000&#8243; width=\u00bb8\/12&#8243; uncode_shortcode_id=\u00bb147435&#8243;][\/vc_column][vc_column width=\u00bb2\/12&#8243;][\/vc_column][\/vc_row][vc_row unlock_row_content=\u00bbyes\u00bb row_height_percent=\u00bb0&#8243; override_padding=\u00bbyes\u00bb h_padding=\u00bb0&#8243; top_padding=\u00bb5&#8243; bottom_padding=\u00bb5&#8243; back_image=\u00bb154224&#8243; back_repeat=\u00bbrepeat\u00bb overlay_color=\u00bbcolor-170958&#8243; overlay_alpha=\u00bb50&#8243; overlay_color_blend=\u00bbmultiply\u00bb equal_height=\u00bbyes\u00bb gutter_size=\u00bb0&#8243; column_width_percent=\u00bb100&#8243; shift_y=\u00bb0&#8243; z_index=\u00bb0&#8243; content_parallax=\u00bb0&#8243; uncode_shortcode_id=\u00bb170357&#8243; back_size=\u00bbauto\u00bb overlay_color_type=\u00bbuncode-palette\u00bb][vc_column column_width_percent=\u00bb100&#8243; align_horizontal=\u00bbalign_center\u00bb gutter_size=\u00bb3&#8243; overlay_alpha=\u00bb50&#8243; shift_x=\u00bb0&#8243; shift_y=\u00bb0&#8243; shift_y_down=\u00bb0&#8243; z_index=\u00bb0&#8243; medium_width=\u00bb0&#8243; mobile_width=\u00bb0&#8243; width=\u00bb2\/12&#8243; uncode_shortcode_id=\u00bb129334&#8243;][\/vc_column][vc_column column_width_percent=\u00bb100&#8243; gutter_size=\u00bb4&#8243; override_padding=\u00bbyes\u00bb column_padding=\u00bb2&#8243; style=\u00bbdark\u00bb overlay_alpha=\u00bb50&#8243; shift_x=\u00bb0&#8243; shift_y=\u00bb0&#8243; shift_y_down=\u00bb0&#8243; z_index=\u00bb0&#8243; medium_width=\u00bb0&#8243; mobile_width=\u00bb0&#8243; css_animation=\u00bbalpha-anim\u00bb animation_speed=\u00bb1000&#8243; width=\u00bb8\/12&#8243; uncode_shortcode_id=\u00bb147435&#8243;][vc_row_inner row_inner_height_percent=\u00bb0&#8243; overlay_alpha=\u00bb50&#8243; gutter_size=\u00bb4&#8243; shift_y=\u00bb0&#8243; z_index=\u00bb0&#8243; limit_content=\u00bb\u00bb uncode_shortcode_id=\u00bb183214&#8243;][vc_column_inner column_width_percent=\u00bb100&#8243; gutter_size=\u00bb3&#8243; style=\u00bbdark\u00bb overlay_alpha=\u00bb50&#8243; shift_x=\u00bb0&#8243; shift_y=\u00bb0&#8243; shift_y_down=\u00bb0&#8243; z_index=\u00bb0&#8243; medium_width=\u00bb0&#8243; mobile_width=\u00bb0&#8243; width=\u00bb1\/2&#8243; uncode_shortcode_id=\u00bb175971&#8243;][vc_custom_heading text_color=\u00bbcolor-jevc\u00bb text_font=\u00bbfont-928874&#8243; text_size=\u00bbcustom\u00bb css_animation=\u00bbperspective-words\u00bb animation_speed=\u00bb1000&#8243; animation_delay=\u00bb200&#8243; interval_animation=\u00bb200&#8243; uncode_shortcode_id=\u00bb758270&#8243; heading_custom_size=\u00bbclamp(30px,5vw,50px)\u00bb text_color_type=\u00bbuncode-palette\u00bb]En el Coraz\u00f3n del Brillante Futuro de M\u00e1laga[\/vc_custom_heading][vc_custom_heading text_color=\u00bbcolor-nhtu\u00bb heading_semantic=\u00bbh3&#8243; text_font=\u00bbfont-928874&#8243; text_height=\u00bbfontheight-105881&#8243; uncode_shortcode_id=\u00bb166449&#8243; text_color_type=\u00bbuncode-palette\u00bb]El centro de M\u00e1laga es un lugar donde todo sucede: cultura, gastronom\u00eda, compras, vida social\u2026 todo sin renunciar a la paz y la privacidad de tu propio hogar en un edificio hist\u00f3rico cuidadosamente restaurado.[\/vc_custom_heading][\/vc_column_inner][vc_column_inner column_width_percent=\u00bb100&#8243; gutter_size=\u00bb3&#8243; style=\u00bbdark\u00bb overlay_alpha=\u00bb50&#8243; shift_x=\u00bb0&#8243; shift_y=\u00bb0&#8243; shift_y_down=\u00bb0&#8243; z_index=\u00bb0&#8243; medium_width=\u00bb0&#8243; mobile_width=\u00bb0&#8243; width=\u00bb1\/2&#8243; uncode_shortcode_id=\u00bb673033&#8243;][vc_column_text text_lead=\u00bbyes\u00bb text_color=\u00bbcolor-nhtu\u00bb uncode_shortcode_id=\u00bb183268&#8243; text_color_type=\u00bbuncode-palette\u00bb]Y M\u00e1laga es mucho m\u00e1s que una ciudad: es un centro cosmopolita en pleno auge. Un destino que atrae a viajeros, inversores y residentes de todo el mundo gracias a su clima privilegiado, un aeropuerto internacional a pocos minutos, un puerto revitalizado y un estilo de vida vibrante y relajado a la vez. M\u00e1laga es innovaci\u00f3n, creatividad, arte y oportunidad.<\/p>\n<p>Invertir o vivir en Calle Coronado 4 es formar parte de ese futuro emocionante \u2014 disfrutando del alma de una ciudad que se reinventa constantemente sin perder su esencia. Un lugar donde cada rinc\u00f3n inspira y cada d\u00eda es una invitaci\u00f3n a vivir lo extraordinario.[\/vc_column_text][vc_button button_color=\u00bbcolor-397385&#8243; size=\u00bbbtn-lg\u00bb border_width=\u00bb0&#8243; button_color_type=\u00bbuncode-palette\u00bb uncode_shortcode_id=\u00bb102173&#8243; link=\u00bburl:https%3A%2F%2Fcoronado-4.com%2Fes%2Flocation%2F|title:Floor%20Plans|\u00bb]VER EL ENTORNO[\/vc_button][\/vc_column_inner][\/vc_row_inner][\/vc_column][vc_column width=\u00bb2\/12&#8243;][\/vc_column][\/vc_row][vc_row row_height_percent=\u00bb0&#8243; override_padding=\u00bbyes\u00bb h_padding=\u00bb2&#8243; top_padding=\u00bb6&#8243; bottom_padding=\u00bb6&#8243; back_color=\u00bbcolor-xsdn\u00bb back_image=\u00bb154224&#8243; back_repeat=\u00bbrepeat\u00bb overlay_alpha=\u00bb50&#8243; gutter_size=\u00bb4&#8243; column_width_percent=\u00bb100&#8243; shift_y=\u00bb0&#8243; z_index=\u00bb1&#8243; bottom_divider=\u00bbstep_3_4&#8243; content_parallax=\u00bb0&#8243; uncode_shortcode_id=\u00bb120709&#8243; back_color_type=\u00bbuncode-palette\u00bb row_name=\u00bbintro\u00bb back_size=\u00bbauto\u00bb][vc_column column_width_percent=\u00bb100&#8243; align_horizontal=\u00bbalign_center\u00bb gutter_size=\u00bb4&#8243; overlay_alpha=\u00bb50&#8243; shift_x=\u00bb0&#8243; shift_y=\u00bb0&#8243; shift_y_down=\u00bb0&#8243; z_index=\u00bb0&#8243; medium_width=\u00bb0&#8243; mobile_width=\u00bb0&#8243; css_animation=\u00bbalpha-anim\u00bb animation_speed=\u00bb1000&#8243; width=\u00bb1\/1&#8243; uncode_shortcode_id=\u00bb188135&#8243;][vc_single_image media=\u00bb154791&#8243; media_width_use_pixel=\u00bbyes\u00bb alignment=\u00bbcenter\u00bb css_animation=\u00bbtop-t-bottom\u00bb animation_delay=\u00bb1400&#8243; uncode_shortcode_id=\u00bb185279&#8243; media_width_pixel=\u00bb400&#8243;][vc_custom_heading text_color=\u00bbcolor-prif\u00bb text_font=\u00bbfont-928874&#8243; text_size=\u00bbcustom\u00bb text_weight=\u00bb400&#8243; css_animation=\u00bbsingle-curtain\u00bb title=\u00bb\u00bb uncode_shortcode_id=\u00bb166646&#8243; text_color_type=\u00bbuncode-palette\u00bb heading_custom_size=\u00bbclamp(38px,3vw,49px)\u00bb]<\/p>\n<p class=\"p1\">Ser Bellingtons significa no conformarse nunca, buscar siempre m\u00e1s, mejor, m\u00e1s alto, m\u00e1s lejos.<\/p>\n<p>[\/vc_custom_heading][vc_button button_color=\u00bbaccent\u00bb size=\u00bbbtn-lg\u00bb border_width=\u00bb0&#8243; css_animation=\u00bbleft-t-right\u00bb button_color_type=\u00bbuncode-palette\u00bb uncode_shortcode_id=\u00bb141096&#8243; link=\u00bburl:https%3A%2F%2Fcoronado-4.com%2Fes%2Fgallery-images%2F|title:Floor%20Plans|\u00bb]VER GALER\u00cdA DE IM\u00c1GENES[\/vc_button][\/vc_column][\/vc_row][vc_row unlock_row_content=\u00bbyes\u00bb row_height_percent=\u00bb50&#8243; override_padding=\u00bbyes\u00bb h_padding=\u00bb0&#8243; top_padding=\u00bb0&#8243; bottom_padding=\u00bb0&#8243; back_color=\u00bbcolor-397385&#8243; overlay_alpha=\u00bb100&#8243; gutter_size=\u00bb3&#8243; column_width_percent=\u00bb100&#8243; shift_y=\u00bb0&#8243; z_index=\u00bb0&#8243; content_parallax=\u00bb0&#8243; uncode_shortcode_id=\u00bb413027&#8243; back_color_type=\u00bbuncode-palette\u00bb][vc_column column_width_percent=\u00bb100&#8243; position_horizontal=\u00bbleft\u00bb gutter_size=\u00bb3&#8243; expand_height=\u00bbyes\u00bb overlay_alpha=\u00bb100&#8243; shift_x=\u00bb0&#8243; shift_y=\u00bb0&#8243; shift_y_down=\u00bb0&#8243; z_index=\u00bb0&#8243; medium_width=\u00bb0&#8243; mobile_width=\u00bb0&#8243; zoom_width=\u00bb0&#8243; zoom_height=\u00bb0&#8243; width=\u00bb1\/1&#8243; mobile_height=\u00bb360&#8243;][vc_empty_space empty_h=\u00bb1&#8243;][vc_single_image media=\u00bb154765&#8243; media_width_use_pixel=\u00bbyes\u00bb alignment=\u00bbcenter\u00bb uncode_shortcode_id=\u00bb137451&#8243; media_width_pixel=\u00bb400&#8243;][vc_gmaps latlon=\u00bb36.7223175366605, -4.422993926949484&#8243; size=\u00bb600&#8243; map_color=\u00bbaccent\u00bb ui_color=\u00bbcolor-397385&#8243; zoom=\u00bb15&#8243; map_saturation=\u00bb-100&#8243; map_brightness=\u00bb0&#8243; address=\u00bbCalle Coronado 4 | M\u00e1laga Centro\u00bb uncode_shortcode_id=\u00bb610398&#8243; map_color_type=\u00bbuncode-palette\u00bb ui_color_type=\u00bbuncode-palette\u00bb][\/vc_column][\/vc_row][vc_row unlock_row_content=\u00bbyes\u00bb row_height_percent=\u00bb0&#8243; override_padding=\u00bbyes\u00bb h_padding=\u00bb0&#8243; top_padding=\u00bb0&#8243; bottom_padding=\u00bb0&#8243; overlay_alpha=\u00bb50&#8243; gutter_size=\u00bb3&#8243; column_width_percent=\u00bb100&#8243; shift_y=\u00bb0&#8243; z_index=\u00bb0&#8243; content_parallax=\u00bb0&#8243; uncode_shortcode_id=\u00bb140285&#8243;][vc_column width=\u00bb1\/1&#8243;][uncode_block id=\u00bb154302&#8243;][\/vc_column][\/vc_row]<\/p>\n<\/div>","protected":false},"excerpt":{"rendered":"<p>[vc_row row_height_percent=\u00bb100&#8243; override_padding=\u00bbyes\u00bb h_padding=\u00bb0&#8243; top_padding=\u00bb5&#8243; bottom_padding=\u00bb5&#8243; back_color=\u00bbcolor-wayh\u00bb back_image=\u00bb154834&#8243; overlay_alpha=\u00bb50&#8243; gutter_size=\u00bb3&#8243; column_width_percent=\u00bb100&#8243; shift_y=\u00bb0&#8243; z_index=\u00bb0&#8243; content_parallax=\u00bb0&#8243; uncode_shortcode_id=\u00bb191993&#8243; back_color_type=\u00bbuncode-palette\u00bb back_size=\u00bbcontain\u00bb row_height_pixel=\u00bb250&#8243;][vc_column column_width_percent=\u00bb100&#8243; position_vertical=\u00bbmiddle\u00bb [&hellip;]<\/p>\n","protected":false},"author":1,"featured_media":0,"parent":0,"menu_order":0,"comment_status":"closed","ping_status":"closed","template":"","meta":{"footnotes":""},"class_list":["post-154930","page","type-page","status-publish","hentry"],"_links":{"self":[{"href":"https:\/\/coronado-4.com\/es\/wp-json\/wp\/v2\/pages\/154930","targetHints":{"allow":["GET"]}}],"collection":[{"href":"https:\/\/coronado-4.com\/es\/wp-json\/wp\/v2\/pages"}],"about":[{"href":"https:\/\/coronado-4.com\/es\/wp-json\/wp\/v2\/types\/page"}],"author":[{"embeddable":true,"href":"https:\/\/coronado-4.com\/es\/wp-json\/wp\/v2\/users\/1"}],"replies":[{"embeddable":true,"href":"https:\/\/coronado-4.com\/es\/wp-json\/wp\/v2\/comments?post=154930"}],"version-history":[{"count":8,"href":"https:\/\/coronado-4.com\/es\/wp-json\/wp\/v2\/pages\/154930\/revisions"}],"predecessor-version":[{"id":155257,"href":"https:\/\/coronado-4.com\/es\/wp-json\/wp\/v2\/pages\/154930\/revisions\/155257"}],"wp:attachment":[{"href":"https:\/\/coronado-4.com\/es\/wp-json\/wp\/v2\/media?parent=154930"}],"curies":[{"name":"wp","href":"https:\/\/api.w.org\/{rel}","templated":true}]}}