{"id":154927,"date":"2025-03-13T16:07:27","date_gmt":"2025-03-13T15:07:27","guid":{"rendered":"https:\/\/coronado-4.com\/be-bellingtons\/"},"modified":"2025-11-12T12:31:43","modified_gmt":"2025-11-12T11:31:43","slug":"be-bellingtons","status":"publish","type":"page","link":"https:\/\/coronado-4.com\/es\/be-bellingtons\/","title":{"rendered":"Be Bellingtons"},"content":{"rendered":"<div class=\"wpb-content-wrapper\"><p>[vc_row row_height_percent=\u00bb100&#8243; override_padding=\u00bbyes\u00bb h_padding=\u00bb0&#8243; top_padding=\u00bb5&#8243; bottom_padding=\u00bb5&#8243; back_color=\u00bbcolor-wayh\u00bb back_image=\u00bb154444&#8243; kburns=\u00bbyes\u00bb overlay_color=\u00bbcolor-wayh\u00bb overlay_alpha=\u00bb50&#8243; gutter_size=\u00bb3&#8243; column_width_percent=\u00bb100&#8243; shift_y=\u00bb0&#8243; z_index=\u00bb0&#8243; content_parallax=\u00bb0&#8243; uncode_shortcode_id=\u00bb368377&#8243; back_color_type=\u00bbuncode-palette\u00bb overlay_color_type=\u00bbuncode-palette\u00bb back_size=\u00bbcontain\u00bb][vc_column column_width_percent=\u00bb100&#8243; position_vertical=\u00bbmiddle\u00bb align_horizontal=\u00bbalign_center\u00bb gutter_size=\u00bb3&#8243; style=\u00bbdark\u00bb overlay_alpha=\u00bb50&#8243; shift_x=\u00bb0&#8243; shift_y=\u00bb0&#8243; shift_y_down=\u00bb0&#8243; z_index=\u00bb0&#8243; medium_width=\u00bb0&#8243; mobile_width=\u00bb0&#8243; width=\u00bb1\/1&#8243; mobile_height=\u00bb360&#8243; uncode_shortcode_id=\u00bb541268&#8243;][vc_single_image media=\u00bb154782&#8243; media_width_percent=\u00bb66&#8243; alignment=\u00bbcenter\u00bb css_animation=\u00bbtop-t-bottom\u00bb animation_speed=\u00bb2000&#8243; animation_delay=\u00bb400&#8243; uncode_shortcode_id=\u00bb107206&#8243;][\/vc_column][\/vc_row][vc_row row_height_percent=\u00bb0&#8243; override_padding=\u00bbyes\u00bb h_padding=\u00bb2&#8243; top_padding=\u00bb6&#8243; bottom_padding=\u00bb6&#8243; back_color=\u00bbcolor-xsdn\u00bb back_image=\u00bb154224&#8243; back_repeat=\u00bbrepeat\u00bb overlay_alpha=\u00bb50&#8243; gutter_size=\u00bb4&#8243; column_width_percent=\u00bb100&#8243; shift_y=\u00bb0&#8243; z_index=\u00bb1&#8243; bottom_divider=\u00bbstep_3_4&#8243; content_parallax=\u00bb0&#8243; uncode_shortcode_id=\u00bb120709&#8243; back_color_type=\u00bbuncode-palette\u00bb row_name=\u00bbintro\u00bb back_size=\u00bbauto\u00bb][vc_column column_width_percent=\u00bb100&#8243; gutter_size=\u00bb4&#8243; overlay_alpha=\u00bb50&#8243; shift_x=\u00bb0&#8243; shift_y=\u00bb0&#8243; shift_y_down=\u00bb0&#8243; z_index=\u00bb0&#8243; medium_width=\u00bb0&#8243; mobile_width=\u00bb0&#8243; css_animation=\u00bbalpha-anim\u00bb animation_speed=\u00bb1000&#8243; width=\u00bb1\/1&#8243; uncode_shortcode_id=\u00bb947783&#8243;][vc_custom_heading text_color=\u00bbcolor-wvjs\u00bb text_font=\u00bbfont-170390&#8243; text_size=\u00bbcustom\u00bb text_weight=\u00bb300&#8243; text_height=\u00bbfontheight-105881&#8243; title=\u00bb\u00bb uncode_shortcode_id=\u00bb118276&#8243; text_color_type=\u00bbuncode-palette\u00bb heading_custom_size=\u00bbclamp(18px,3vw,29px)\u00bb]Significa vivir con intensidad, sin l\u00edmites y sin miedo a lo extraordinario. Se trata de aspirar a la excelencia en todo lo que hacemos, aprovechar al m\u00e1ximo cada momento y abrazar aquello que nos hace diferentes.[\/vc_custom_heading][vc_custom_heading text_color=\u00bbcolor-wvjs\u00bb text_font=\u00bbfont-170390&#8243; text_size=\u00bbcustom\u00bb text_weight=\u00bb300&#8243; text_height=\u00bbfontheight-105881&#8243; title=\u00bb\u00bb uncode_shortcode_id=\u00bb199767&#8243; text_color_type=\u00bbuncode-palette\u00bb heading_custom_size=\u00bbclamp(18px,3vw,29px)\u00bb]<strong data-start=\"44\" data-end=\"69\">La pasi\u00f3n nos impulsa<\/strong>. La ambici\u00f3n de ser m\u00e1s. La determinaci\u00f3n de no conformarnos nunca.[\/vc_custom_heading][vc_custom_heading text_color=\u00bbcolor-prif\u00bb text_font=\u00bbfont-928874&#8243; text_size=\u00bbcustom\u00bb text_weight=\u00bb400&#8243; css_animation=\u00bbsingle-curtain\u00bb title=\u00bb\u00bb uncode_shortcode_id=\u00bb202466&#8243; text_color_type=\u00bbuncode-palette\u00bb heading_custom_size=\u00bbclamp(38px,3vw,49px)\u00bb]Ser Bellingtons es m\u00e1s que una actitud, es una forma de vida.[\/vc_custom_heading][vc_single_image media=\u00bb154791&#8243; media_width_use_pixel=\u00bbyes\u00bb alignment=\u00bbcenter\u00bb css_animation=\u00bbtop-t-bottom\u00bb animation_delay=\u00bb1400&#8243; uncode_shortcode_id=\u00bb185279&#8243; media_width_pixel=\u00bb400&#8243;][\/vc_column][\/vc_row][vc_row unlock_row_content=\u00bbyes\u00bb row_height_percent=\u00bb100&#8243; override_padding=\u00bbyes\u00bb h_padding=\u00bb0&#8243; top_padding=\u00bb0&#8243; bottom_padding=\u00bb0&#8243; back_image=\u00bb154294&#8243; overlay_color=\u00bbcolor-nhtu\u00bb overlay_alpha=\u00bb50&#8243; gutter_size=\u00bb3&#8243; column_width_percent=\u00bb100&#8243; shift_y=\u00bb0&#8243; z_index=\u00bb0&#8243; content_parallax=\u00bb0&#8243; uncode_shortcode_id=\u00bb134692&#8243; row_height_pixel=\u00bb250&#8243; overlay_color_type=\u00bbuncode-palette\u00bb][vc_column column_width_percent=\u00bb100&#8243; position_vertical=\u00bbmiddle\u00bb gutter_size=\u00bb3&#8243; overlay_alpha=\u00bb50&#8243; shift_x=\u00bb0&#8243; shift_y=\u00bb0&#8243; shift_y_down=\u00bb0&#8243; z_index=\u00bb0&#8243; medium_width=\u00bb0&#8243; mobile_width=\u00bb0&#8243; width=\u00bb1\/6&#8243; uncode_shortcode_id=\u00bb268556&#8243;][\/vc_column][vc_column column_width_percent=\u00bb100&#8243; position_vertical=\u00bbmiddle\u00bb gutter_size=\u00bb3&#8243; style=\u00bbdark\u00bb overlay_alpha=\u00bb50&#8243; shift_x=\u00bb0&#8243; shift_y=\u00bb0&#8243; shift_y_down=\u00bb0&#8243; z_index=\u00bb0&#8243; medium_width=\u00bb0&#8243; mobile_width=\u00bb0&#8243; width=\u00bb2\/3&#8243; uncode_shortcode_id=\u00bb914799&#8243;][vc_single_image media=\u00bb154787&#8243; media_width_use_pixel=\u00bbyes\u00bb alignment=\u00bbcenter\u00bb css_animation=\u00bbtop-t-bottom\u00bb animation_speed=\u00bb1500&#8243; animation_delay=\u00bb300&#8243; uncode_shortcode_id=\u00bb920648&#8243; media_width_pixel=\u00bb800&#8243;][vc_row_inner limit_content=\u00bb\u00bb][vc_column_inner column_width_percent=\u00bb100&#8243; gutter_size=\u00bb3&#8243; style=\u00bbdark\u00bb overlay_alpha=\u00bb50&#8243; shift_x=\u00bb0&#8243; shift_y=\u00bb0&#8243; shift_y_down=\u00bb0&#8243; z_index=\u00bb0&#8243; medium_width=\u00bb0&#8243; mobile_width=\u00bb0&#8243; width=\u00bb1\/6&#8243; uncode_shortcode_id=\u00bb219688&#8243;][\/vc_column_inner][vc_column_inner column_width_percent=\u00bb100&#8243; gutter_size=\u00bb3&#8243; style=\u00bbdark\u00bb overlay_alpha=\u00bb50&#8243; shift_x=\u00bb0&#8243; shift_y=\u00bb0&#8243; shift_y_down=\u00bb0&#8243; z_index=\u00bb0&#8243; medium_width=\u00bb0&#8243; mobile_width=\u00bb0&#8243; width=\u00bb2\/3&#8243; uncode_shortcode_id=\u00bb259157&#8243;][vc_custom_heading text_font=\u00bbfont-170390&#8243; text_weight=\u00bb300&#8243; css_animation=\u00bbbottom-t-top\u00bb animation_speed=\u00bb2000&#8243; animation_delay=\u00bb1100&#8243; uncode_shortcode_id=\u00bb108903&#8243;]<\/p>\n<h3 class=\"p1\"><em><strong>No seguimos tendencias, las creamos. No nos adaptamos al mundo, lo transformamos.<\/strong><\/em><\/h3>\n<h3 class=\"p1\">La vida es demasiado corta para no vivirla al m\u00e1ximo.<br \/>\nSer Bellingtons significa aprovechar cada oportunidad, desafiar lo ordinario y hacer de cada d\u00eda una experiencia inolvidable.<\/h3>\n<h3 class=\"p1\">Si buscas una vida sin restricciones, si quieres destacar, y si crees que la intensidad es el verdadero motor del \u00e9xito, entonces ya eres uno de los nuestros.<\/h3>\n<h1 class=\"p1\">Vive sin miedo. Disfruta sin l\u00edmites. S\u00e9 inolvidable<\/h1>\n<h1 class=\"p1\">S\u00e9 Bellingtons.<\/h1>\n<p>[\/vc_custom_heading][\/vc_column_inner][vc_column_inner width=\u00bb1\/6&#8243;][\/vc_column_inner][\/vc_row_inner][\/vc_column][vc_column column_width_percent=\u00bb100&#8243; position_vertical=\u00bbmiddle\u00bb gutter_size=\u00bb3&#8243; overlay_alpha=\u00bb50&#8243; shift_x=\u00bb0&#8243; shift_y=\u00bb0&#8243; shift_y_down=\u00bb0&#8243; z_index=\u00bb0&#8243; medium_width=\u00bb0&#8243; mobile_width=\u00bb0&#8243; width=\u00bb1\/6&#8243; uncode_shortcode_id=\u00bb815959&#8243;][\/vc_column][\/vc_row][vc_row row_height_percent=\u00bb0&#8243; override_padding=\u00bbyes\u00bb h_padding=\u00bb2&#8243; top_padding=\u00bb6&#8243; bottom_padding=\u00bb6&#8243; back_color=\u00bbcolor-xsdn\u00bb back_image=\u00bb154224&#8243; back_repeat=\u00bbrepeat\u00bb overlay_alpha=\u00bb50&#8243; gutter_size=\u00bb4&#8243; column_width_percent=\u00bb100&#8243; shift_y=\u00bb0&#8243; z_index=\u00bb1&#8243; bottom_divider=\u00bbstep_3_4&#8243; content_parallax=\u00bb0&#8243; uncode_shortcode_id=\u00bb120709&#8243; back_color_type=\u00bbuncode-palette\u00bb row_name=\u00bbintro\u00bb back_size=\u00bbauto\u00bb][vc_column column_width_percent=\u00bb100&#8243; gutter_size=\u00bb4&#8243; overlay_alpha=\u00bb50&#8243; shift_x=\u00bb0&#8243; shift_y=\u00bb0&#8243; shift_y_down=\u00bb0&#8243; z_index=\u00bb0&#8243; medium_width=\u00bb0&#8243; mobile_width=\u00bb0&#8243; css_animation=\u00bbalpha-anim\u00bb animation_speed=\u00bb1000&#8243; width=\u00bb1\/1&#8243; uncode_shortcode_id=\u00bb947783&#8243;][vc_custom_heading text_color=\u00bbcolor-prif\u00bb text_font=\u00bbfont-928874&#8243; text_size=\u00bbcustom\u00bb text_weight=\u00bb400&#8243; css_animation=\u00bbsingle-curtain\u00bb title=\u00bb\u00bb uncode_shortcode_id=\u00bb415317&#8243; text_color_type=\u00bbuncode-palette\u00bb heading_custom_size=\u00bbclamp(38px,3vw,49px)\u00bb]<\/p>\n<p class=\"p1\">Ser Bellingtons significa nunca conformarse, siempre buscar m\u00e1s, mejor, m\u00e1s alto, m\u00e1s lejos.<\/p>\n<p>[\/vc_custom_heading][vc_single_image media=\u00bb154791&#8243; media_width_use_pixel=\u00bbyes\u00bb alignment=\u00bbcenter\u00bb css_animation=\u00bbtop-t-bottom\u00bb animation_delay=\u00bb1400&#8243; uncode_shortcode_id=\u00bb185279&#8243; media_width_pixel=\u00bb400&#8243;][\/vc_column][\/vc_row][vc_row unlock_row_content=\u00bbyes\u00bb row_height_percent=\u00bb0&#8243; override_padding=\u00bbyes\u00bb h_padding=\u00bb0&#8243; top_padding=\u00bb0&#8243; bottom_padding=\u00bb0&#8243; back_color=\u00bbcolor-397385&#8243; back_image=\u00bb154224&#8243; back_repeat=\u00bbrepeat\u00bb overlay_color=\u00bbcolor-397385&#8243; overlay_alpha=\u00bb50&#8243; overlay_color_blend=\u00bbmultiply\u00bb equal_height=\u00bbyes\u00bb gutter_size=\u00bb0&#8243; column_width_percent=\u00bb100&#8243; shift_y=\u00bb0&#8243; z_index=\u00bb0&#8243; content_parallax=\u00bb0&#8243; el_class=\u00bbinverted-device-order\u00bb uncode_shortcode_id=\u00bb196842&#8243; back_color_type=\u00bbuncode-palette\u00bb overlay_color_type=\u00bbuncode-palette\u00bb back_size=\u00bbauto\u00bb][vc_column column_width_use_pixel=\u00bbyes\u00bb gutter_size=\u00bb3&#8243; override_padding=\u00bbyes\u00bb column_padding=\u00bb5&#8243; style=\u00bbdark\u00bb overlay_alpha=\u00bb50&#8243; shift_x=\u00bb0&#8243; shift_y=\u00bb0&#8243; shift_y_down=\u00bb0&#8243; z_index=\u00bb0&#8243; medium_width=\u00bb0&#8243; mobile_width=\u00bb0&#8243; width=\u00bb1\/2&#8243; column_width_pixel=\u00bb528&#8243;][vc_custom_heading text_color=\u00bbaccent\u00bb heading_semantic=\u00bbh6&#8243; text_size=\u00bbh6&#8243; text_transform=\u00bbuppercase\u00bb uncode_shortcode_id=\u00bb248614&#8243; text_color_type=\u00bbuncode-palette\u00bb]Acerca de Nosotros[\/vc_custom_heading][vc_custom_heading text_font=\u00bbfont-928874&#8243; text_size=\u00bbh1&#8243; css_animation=\u00bbtypewriter\u00bb interval_animation=\u00bb100&#8243; uncode_shortcode_id=\u00bb192703&#8243;]Servicios sin l\u00edmite[\/vc_custom_heading][vc_column_text text_lead=\u00bbyes\u00bb uncode_shortcode_id=\u00bb981228&#8243;]<strong>Bellingtons Property Group<\/strong> fue fundada con el \u00fanico prop\u00f3sito de ofrecer un enfoque fresco y din\u00e1mico al mercado inmobiliario en Espa\u00f1a. Nos enorgullecemos profundamente de que el servicio al cliente sea clave. Con esto en mente, nos aseguramos de ir m\u00e1s all\u00e1 para satisfacer todas las demandas de nuestros clientes al adquirir la propiedad que desean en Espa\u00f1a.<\/p>\n<p>Nuestros fundadores, todos los cuales han vivido en Espa\u00f1a durante los \u00faltimos 30 a\u00f1os, tienen la pasi\u00f3n de mejorar el proceso de compra y venta de propiedades en Espa\u00f1a. Combinando experiencia de diversos sectores profesionales, nuestro objetivo es proporcionar una soluci\u00f3n completa a cada uno de nuestros valiosos clientes.<\/p>\n<p>Nuestra oficina principal se encuentra en el coraz\u00f3n de Nueva Andaluc\u00eda, estrat\u00e9gicamente situada con f\u00e1cil acceso a todas las ubicaciones de la Costa del Sol.[\/vc_column_text][vc_empty_space empty_h=\u00bb1&#8243;][\/vc_column][vc_column column_width_percent=\u00bb100&#8243; gutter_size=\u00bb3&#8243; back_image=\u00bb154804&#8243; overlay_alpha=\u00bb50&#8243; shift_x=\u00bb0&#8243; shift_y=\u00bb0&#8243; shift_y_down=\u00bb0&#8243; z_index=\u00bb0&#8243; medium_width=\u00bb0&#8243; mobile_width=\u00bb0&#8243; width=\u00bb1\/2&#8243; mobile_height=\u00bb340&#8243; uncode_shortcode_id=\u00bb157811&#8243;][\/vc_column][\/vc_row][vc_row unlock_row_content=\u00bbyes\u00bb row_height_percent=\u00bb0&#8243; override_padding=\u00bbyes\u00bb h_padding=\u00bb0&#8243; top_padding=\u00bb0&#8243; bottom_padding=\u00bb0&#8243; overlay_alpha=\u00bb50&#8243; gutter_size=\u00bb3&#8243; column_width_percent=\u00bb100&#8243; shift_y=\u00bb0&#8243; z_index=\u00bb0&#8243; content_parallax=\u00bb0&#8243; uncode_shortcode_id=\u00bb188379&#8243;][vc_column width=\u00bb1\/1&#8243;][uncode_block id=\u00bb154302&#8243;][\/vc_column][\/vc_row]<\/p>\n<\/div>","protected":false},"excerpt":{"rendered":"<p>[vc_row row_height_percent=\u00bb100&#8243; override_padding=\u00bbyes\u00bb h_padding=\u00bb0&#8243; top_padding=\u00bb5&#8243; bottom_padding=\u00bb5&#8243; back_color=\u00bbcolor-wayh\u00bb back_image=\u00bb154444&#8243; kburns=\u00bbyes\u00bb overlay_color=\u00bbcolor-wayh\u00bb overlay_alpha=\u00bb50&#8243; gutter_size=\u00bb3&#8243; column_width_percent=\u00bb100&#8243; shift_y=\u00bb0&#8243; z_index=\u00bb0&#8243; content_parallax=\u00bb0&#8243; uncode_shortcode_id=\u00bb368377&#8243; back_color_type=\u00bbuncode-palette\u00bb overlay_color_type=\u00bbuncode-palette\u00bb back_size=\u00bbcontain\u00bb][vc_column [&hellip;]<\/p>\n","protected":false},"author":1,"featured_media":0,"parent":0,"menu_order":0,"comment_status":"closed","ping_status":"closed","template":"","meta":{"footnotes":""},"class_list":["post-154927","page","type-page","status-publish","hentry"],"_links":{"self":[{"href":"https:\/\/coronado-4.com\/es\/wp-json\/wp\/v2\/pages\/154927","targetHints":{"allow":["GET"]}}],"collection":[{"href":"https:\/\/coronado-4.com\/es\/wp-json\/wp\/v2\/pages"}],"about":[{"href":"https:\/\/coronado-4.com\/es\/wp-json\/wp\/v2\/types\/page"}],"author":[{"embeddable":true,"href":"https:\/\/coronado-4.com\/es\/wp-json\/wp\/v2\/users\/1"}],"replies":[{"embeddable":true,"href":"https:\/\/coronado-4.com\/es\/wp-json\/wp\/v2\/comments?post=154927"}],"version-history":[{"count":3,"href":"https:\/\/coronado-4.com\/es\/wp-json\/wp\/v2\/pages\/154927\/revisions"}],"predecessor-version":[{"id":155212,"href":"https:\/\/coronado-4.com\/es\/wp-json\/wp\/v2\/pages\/154927\/revisions\/155212"}],"wp:attachment":[{"href":"https:\/\/coronado-4.com\/es\/wp-json\/wp\/v2\/media?parent=154927"}],"curies":[{"name":"wp","href":"https:\/\/api.w.org\/{rel}","templated":true}]}}