{"id":154920,"date":"2025-03-14T10:31:34","date_gmt":"2025-03-14T09:31:34","guid":{"rendered":"https:\/\/coronado-4.com\/gallery-images\/"},"modified":"2025-05-30T12:27:16","modified_gmt":"2025-05-30T10:27:16","slug":"gallery-images","status":"publish","type":"page","link":"https:\/\/coronado-4.com\/es\/gallery-images\/","title":{"rendered":"Gallery images"},"content":{"rendered":"<div class=\"wpb-content-wrapper\"><p>[vc_row row_height_percent=\u00bb100&#8243; override_padding=\u00bbyes\u00bb h_padding=\u00bb0&#8243; top_padding=\u00bb5&#8243; bottom_padding=\u00bb5&#8243; back_color=\u00bbcolor-wayh\u00bb back_image=\u00bb154493&#8243; kburns=\u00bbyes\u00bb overlay_color=\u00bbcolor-jevc\u00bb overlay_alpha=\u00bb42&#8243; gutter_size=\u00bb3&#8243; column_width_percent=\u00bb100&#8243; shift_y=\u00bb0&#8243; z_index=\u00bb0&#8243; content_parallax=\u00bb0&#8243; uncode_shortcode_id=\u00bb600136&#8243; back_color_type=\u00bbuncode-palette\u00bb overlay_color_type=\u00bbuncode-palette\u00bb back_size=\u00bbcontain\u00bb][vc_column column_width_percent=\u00bb100&#8243; position_vertical=\u00bbmiddle\u00bb align_horizontal=\u00bbalign_center\u00bb gutter_size=\u00bb3&#8243; style=\u00bbdark\u00bb overlay_alpha=\u00bb50&#8243; shift_x=\u00bb0&#8243; shift_y=\u00bb0&#8243; shift_y_down=\u00bb0&#8243; z_index=\u00bb0&#8243; medium_width=\u00bb0&#8243; mobile_width=\u00bb0&#8243; width=\u00bb1\/1&#8243; mobile_height=\u00bb360&#8243; uncode_shortcode_id=\u00bb541268&#8243;][vc_single_image media=\u00bb154509&#8243; media_width_percent=\u00bb80&#8243; alignment=\u00bbcenter\u00bb css_animation=\u00bbtop-t-bottom\u00bb animation_speed=\u00bb2000&#8243; animation_delay=\u00bb400&#8243; uncode_shortcode_id=\u00bb641347&#8243;][\/vc_column][\/vc_row][vc_row row_height_percent=\u00bb0&#8243; override_padding=\u00bbyes\u00bb h_padding=\u00bb2&#8243; top_padding=\u00bb5&#8243; bottom_padding=\u00bb5&#8243; back_image=\u00bb154224&#8243; back_repeat=\u00bbrepeat\u00bb overlay_alpha=\u00bb50&#8243; gutter_size=\u00bb3&#8243; column_width_percent=\u00bb100&#8243; shift_y=\u00bb0&#8243; z_index=\u00bb0&#8243; content_parallax=\u00bb0&#8243; uncode_shortcode_id=\u00bb196268&#8243; back_size=\u00bbauto\u00bb][vc_column column_width_percent=\u00bb100&#8243; position_vertical=\u00bbmiddle\u00bb gutter_size=\u00bb4&#8243; overlay_alpha=\u00bb50&#8243; shift_x=\u00bb0&#8243; shift_y=\u00bb0&#8243; shift_y_down=\u00bb0&#8243; z_index=\u00bb0&#8243; medium_width=\u00bb0&#8243; mobile_width=\u00bb0&#8243; width=\u00bb1\/1&#8243;][vc_row_inner row_inner_height_percent=\u00bb0&#8243; overlay_alpha=\u00bb50&#8243; gutter_size=\u00bb4&#8243; shift_y=\u00bb0&#8243; z_index=\u00bb0&#8243; limit_content=\u00bb\u00bb][vc_column_inner column_width_percent=\u00bb100&#8243; gutter_size=\u00bb1&#8243; overlay_alpha=\u00bb50&#8243; shift_x=\u00bb0&#8243; shift_y=\u00bb0&#8243; shift_y_down=\u00bb0&#8243; z_index=\u00bb0&#8243; medium_width=\u00bb0&#8243; mobile_width=\u00bb0&#8243; width=\u00bb1\/3&#8243;][vc_empty_space empty_h=\u00bb0&#8243;][vc_custom_heading text_color=\u00bbaccent\u00bb heading_semantic=\u00bbh6&#8243; text_size=\u00bbh6&#8243; text_transform=\u00bbuppercase\u00bb uncode_shortcode_id=\u00bb159782&#8243; text_color_type=\u00bbuncode-palette\u00bb]una vida sin l\u00edmites[\/vc_custom_heading][\/vc_column_inner][vc_column_inner column_width_percent=\u00bb100&#8243; gutter_size=\u00bb2&#8243; overlay_alpha=\u00bb50&#8243; shift_x=\u00bb0&#8243; shift_y=\u00bb0&#8243; shift_y_down=\u00bb0&#8243; z_index=\u00bb0&#8243; medium_width=\u00bb0&#8243; mobile_width=\u00bb0&#8243; width=\u00bb2\/3&#8243;][vc_custom_heading text_font=\u00bbfont-928874&#8243; text_size=\u00bbcustom\u00bb css_animation=\u00bbperspective-words\u00bb animation_speed=\u00bb1000&#8243; animation_delay=\u00bb200&#8243; interval_animation=\u00bb200&#8243; uncode_shortcode_id=\u00bb133054&#8243; heading_custom_size=\u00bbclamp(30px,5vw,50px)\u00bb]Calidad sin l\u00edmites[\/vc_custom_heading][vc_column_text text_lead=\u00bbyes\u00bb uncode_shortcode_id=\u00bb184985&#8243;]En <strong>Coronado 4<\/strong> nos tomamos la privacidad y la intimidad muy en serio. Todo est\u00e1 dise\u00f1ado para que cada \u00e1rea de descanso sea realmente un lugar especial e \u00edntimo donde desconectar y relajarse. La calidad se percibe en cada espacio y en cada habitaci\u00f3n. Nuestras construcciones sostenibles utilizan los materiales m\u00e1s innovadores, duraderos y avanzados para garantizar el aislamiento t\u00e9rmico y ac\u00fastico en todo el hogar.[\/vc_column_text][vc_custom_heading heading_semantic=\u00bbh3&#8243; text_font=\u00bbfont-928874&#8243; text_size=\u00bbh1&#8243; uncode_shortcode_id=\u00bb622254&#8243;]no lo imagines, v\u00edvelo![\/vc_custom_heading][\/vc_column_inner][\/vc_row_inner][vc_row_inner row_inner_height_percent=\u00bb0&#8243; overlay_alpha=\u00bb50&#8243; gutter_size=\u00bb4&#8243; shift_y=\u00bb0&#8243; z_index=\u00bb0&#8243; limit_content=\u00bb\u00bb][vc_column_inner column_width_percent=\u00bb100&#8243; gutter_size=\u00bb3&#8243; overlay_alpha=\u00bb50&#8243; shift_x=\u00bb0&#8243; shift_y=\u00bb0&#8243; shift_y_down=\u00bb0&#8243; z_index=\u00bb0&#8243; medium_width=\u00bb0&#8243; mobile_width=\u00bb0&#8243; width=\u00bb1\/1&#8243;][vc_gallery el_id=\u00bbgallery-115572&#8243; medias=\u00bb154968,154966,154960,154964,154962&#8243; gutter_size=\u00bb0&#8243; screen_lg=\u00bb600&#8243; screen_md=\u00bb600&#8243; screen_sm=\u00bb100&#8243; single_width=\u00bb3&#8243; images_size=\u00bbfour-three\u00bb single_overlay_opacity=\u00bb20&#8243; single_image_anim=\u00bbno\u00bb single_h_align=\u00bbcenter\u00bb single_padding=\u00bb2&#8243; single_icon=\u00bbfa fa-plus2&#8243; single_border=\u00bbyes\u00bb single_css_animation=\u00bbzoom-in\u00bb single_animation_delay=\u00bb200&#8243; uncode_shortcode_id=\u00bb208543&#8243;][\/vc_column_inner][\/vc_row_inner][\/vc_column][\/vc_row][vc_row unlock_row_content=\u00bbyes\u00bb row_height_percent=\u00bb0&#8243; override_padding=\u00bbyes\u00bb h_padding=\u00bb0&#8243; top_padding=\u00bb0&#8243; bottom_padding=\u00bb0&#8243; overlay_alpha=\u00bb50&#8243; gutter_size=\u00bb3&#8243; column_width_percent=\u00bb100&#8243; shift_y=\u00bb0&#8243; z_index=\u00bb0&#8243; content_parallax=\u00bb0&#8243; uncode_shortcode_id=\u00bb194563&#8243;][vc_column width=\u00bb1\/1&#8243;][uncode_block id=\u00bb154302&#8243;][\/vc_column][\/vc_row]<\/p>\n<\/div>","protected":false},"excerpt":{"rendered":"<p>[vc_row row_height_percent=\u00bb100&#8243; override_padding=\u00bbyes\u00bb h_padding=\u00bb0&#8243; top_padding=\u00bb5&#8243; bottom_padding=\u00bb5&#8243; back_color=\u00bbcolor-wayh\u00bb back_image=\u00bb154493&#8243; kburns=\u00bbyes\u00bb overlay_color=\u00bbcolor-jevc\u00bb overlay_alpha=\u00bb42&#8243; gutter_size=\u00bb3&#8243; column_width_percent=\u00bb100&#8243; shift_y=\u00bb0&#8243; z_index=\u00bb0&#8243; content_parallax=\u00bb0&#8243; uncode_shortcode_id=\u00bb600136&#8243; back_color_type=\u00bbuncode-palette\u00bb overlay_color_type=\u00bbuncode-palette\u00bb back_size=\u00bbcontain\u00bb][vc_column [&hellip;]<\/p>\n","protected":false},"author":1,"featured_media":0,"parent":0,"menu_order":0,"comment_status":"closed","ping_status":"closed","template":"","meta":{"footnotes":""},"class_list":["post-154920","page","type-page","status-publish","hentry"],"_links":{"self":[{"href":"https:\/\/coronado-4.com\/es\/wp-json\/wp\/v2\/pages\/154920","targetHints":{"allow":["GET"]}}],"collection":[{"href":"https:\/\/coronado-4.com\/es\/wp-json\/wp\/v2\/pages"}],"about":[{"href":"https:\/\/coronado-4.com\/es\/wp-json\/wp\/v2\/types\/page"}],"author":[{"embeddable":true,"href":"https:\/\/coronado-4.com\/es\/wp-json\/wp\/v2\/users\/1"}],"replies":[{"embeddable":true,"href":"https:\/\/coronado-4.com\/es\/wp-json\/wp\/v2\/comments?post=154920"}],"version-history":[{"count":3,"href":"https:\/\/coronado-4.com\/es\/wp-json\/wp\/v2\/pages\/154920\/revisions"}],"predecessor-version":[{"id":154974,"href":"https:\/\/coronado-4.com\/es\/wp-json\/wp\/v2\/pages\/154920\/revisions\/154974"}],"wp:attachment":[{"href":"https:\/\/coronado-4.com\/es\/wp-json\/wp\/v2\/media?parent=154920"}],"curies":[{"name":"wp","href":"https:\/\/api.w.org\/{rel}","templated":true}]}}