{"id":154910,"date":"2025-03-14T11:09:05","date_gmt":"2025-03-14T10:09:05","guid":{"rendered":"https:\/\/coronado-4.com\/specifications\/"},"modified":"2025-05-30T12:40:33","modified_gmt":"2025-05-30T10:40:33","slug":"specifications","status":"publish","type":"page","link":"https:\/\/coronado-4.com\/es\/specifications\/","title":{"rendered":"Specifications"},"content":{"rendered":"<div class=\"wpb-content-wrapper\"><p>[vc_row row_height_percent=\u00bb100&#8243; override_padding=\u00bbyes\u00bb h_padding=\u00bb0&#8243; top_padding=\u00bb5&#8243; bottom_padding=\u00bb5&#8243; back_color=\u00bbcolor-wayh\u00bb back_image=\u00bb154956&#8243; kburns=\u00bbyes\u00bb overlay_color=\u00bbcolor-wayh\u00bb overlay_alpha=\u00bb50&#8243; gutter_size=\u00bb3&#8243; column_width_percent=\u00bb100&#8243; shift_y=\u00bb0&#8243; z_index=\u00bb0&#8243; content_parallax=\u00bb0&#8243; uncode_shortcode_id=\u00bb143409&#8243; back_color_type=\u00bbuncode-palette\u00bb overlay_color_type=\u00bbuncode-palette\u00bb back_size=\u00bbcontain\u00bb][vc_column column_width_percent=\u00bb100&#8243; position_vertical=\u00bbmiddle\u00bb align_horizontal=\u00bbalign_center\u00bb gutter_size=\u00bb3&#8243; style=\u00bbdark\u00bb overlay_alpha=\u00bb50&#8243; shift_x=\u00bb0&#8243; shift_y=\u00bb0&#8243; shift_y_down=\u00bb0&#8243; z_index=\u00bb0&#8243; medium_width=\u00bb0&#8243; mobile_width=\u00bb0&#8243; width=\u00bb1\/1&#8243; mobile_height=\u00bb360&#8243; uncode_shortcode_id=\u00bb541268&#8243;][vc_single_image media=\u00bb154500&#8243; media_width_percent=\u00bb72&#8243; alignment=\u00bbcenter\u00bb css_animation=\u00bbtop-t-bottom\u00bb animation_speed=\u00bb2000&#8243; animation_delay=\u00bb400&#8243; uncode_shortcode_id=\u00bb141721&#8243;][\/vc_column][\/vc_row][vc_row row_height_percent=\u00bb0&#8243; override_padding=\u00bbyes\u00bb h_padding=\u00bb2&#8243; top_padding=\u00bb5&#8243; bottom_padding=\u00bb5&#8243; overlay_alpha=\u00bb50&#8243; gutter_size=\u00bb3&#8243; column_width_percent=\u00bb100&#8243; shift_y=\u00bb0&#8243; z_index=\u00bb0&#8243;][vc_column column_width_use_pixel=\u00bbyes\u00bb gutter_size=\u00bb3&#8243; overlay_alpha=\u00bb50&#8243; shift_x=\u00bb0&#8243; shift_y=\u00bb0&#8243; shift_y_down=\u00bb0&#8243; z_index=\u00bb0&#8243; medium_width=\u00bb0&#8243; mobile_width=\u00bb0&#8243; width=\u00bb1\/2&#8243; column_width_pixel=\u00bb900&#8243; uncode_shortcode_id=\u00bb100868&#8243;][vc_custom_heading heading_semantic=\u00bbh3&#8243; text_font=\u00bbfont-928874&#8243; text_size=\u00bbcustom\u00bb css_animation=\u00bbtop-t-bottom\u00bb uncode_shortcode_id=\u00bb128112&#8243; heading_custom_size=\u00bbclamp(30px,5vw,50px)\u00bb]Exclusividad y Confort<br \/>\nen Cada Detalle[\/vc_custom_heading][vc_column_text text_lead=\u00bbyes\u00bb css_animation=\u00bbleft-t-right\u00bb animation_delay=\u00bb1100&#8243; uncode_shortcode_id=\u00bb248272&#8243;]<strong>Bienvenido a un hogar donde el lujo y el confort se unen para ofrecerte una experiencia de vida inigualable. Cada detalle de esta residencia ha sido cuidadosamente seleccionado para garantizar la m\u00e1s alta calidad, combinando dise\u00f1o, innovaci\u00f3n y materiales de primer nivel.<\/strong><\/p>\n<p>Desde el primer momento en que entras, descubrir\u00e1s un espacio que redefine la excelencia. El suelo de alta gama, con un elegante acabado y un sofisticado sistema de calefacci\u00f3n por suelo radiante, asegura una temperatura ideal durante todo el a\u00f1o, proporcionando calidez en invierno y una atm\u00f3sfera fresca en verano.<\/p>\n<p>El confort alcanza su m\u00e1xima expresi\u00f3n con un sistema de climatizaci\u00f3n centralizado de \u00faltima generaci\u00f3n, que garantiza un control \u00f3ptimo de la temperatura en cada estancia, adapt\u00e1ndose a tus necesidades con la m\u00e1xima eficiencia.<\/p>\n<p>La cocina, totalmente equipada con electrodom\u00e9sticos de primeras marcas, ha sido dise\u00f1ada para ser el coraz\u00f3n del hogar: moderna, funcional y acabada con materiales de alta calidad que combinan est\u00e9tica y practicidad. Superficies de alto rendimiento, mobiliario de dise\u00f1o y tecnolog\u00eda avanzada hacen de este espacio un lugar donde cocinar y compartir momentos especiales se convierte en un aut\u00e9ntico placer.[\/vc_column_text][\/vc_column][vc_column width=\u00bb1\/2&#8243;][vc_column_text text_lead=\u00bbyes\u00bb css_animation=\u00bbleft-t-right\u00bb animation_delay=\u00bb2000&#8243; uncode_shortcode_id=\u00bb426727&#8243;]Cada rinc\u00f3n de esta vivienda ha sido pensado para brindarte el m\u00e1ximo bienestar. Grandes ventanales inundan los espacios de luz natural, la carpinter\u00eda t\u00e9rmica y ac\u00fastica de alta eficiencia mejora el aislamiento, los armarios empotrados cuentan con acabados de lujo, y los elegantes ba\u00f1os incorporan materiales premium, donde cada elemento transmite sofisticaci\u00f3n y confort.<\/p>\n<p>Vivir aqu\u00ed es sin\u00f3nimo de exclusividad, en una de las mejores ubicaciones de M\u00e1laga, con vistas privilegiadas y rodeado de servicios de primer nivel. Todo ha sido dise\u00f1ado para que disfrutes de una vida c\u00f3moda, elegante y con estilo.<\/p>\n<p><strong>Tu hogar ideal est\u00e1 listo para ofrecerte lo \u00faltimo en lujo y bienestar.<\/strong>[\/vc_column_text][\/vc_column][\/vc_row][vc_row row_height_percent=\u00bb0&#8243; override_padding=\u00bbyes\u00bb h_padding=\u00bb2&#8243; top_padding=\u00bb5&#8243; bottom_padding=\u00bb5&#8243; back_image=\u00bb154224&#8243; back_repeat=\u00bbrepeat\u00bb overlay_alpha=\u00bb50&#8243; gutter_size=\u00bb4&#8243; column_width_percent=\u00bb100&#8243; shift_y=\u00bb0&#8243; z_index=\u00bb0&#8243; content_parallax=\u00bb0&#8243; uncode_shortcode_id=\u00bb819517&#8243; back_size=\u00bbauto\u00bb][vc_column column_width_percent=\u00bb100&#8243; position_vertical=\u00bbmiddle\u00bb gutter_size=\u00bb3&#8243; overlay_alpha=\u00bb50&#8243; shift_x=\u00bb0&#8243; shift_y=\u00bb0&#8243; shift_y_down=\u00bb0&#8243; z_index=\u00bb0&#8243; medium_width=\u00bb0&#8243; mobile_width=\u00bb0&#8243; width=\u00bb1\/3&#8243; uncode_shortcode_id=\u00bb124617&#8243;][vc_custom_heading text_font=\u00bbfont-928874&#8243; text_size=\u00bbcustom\u00bb css_animation=\u00bbperspective-words\u00bb animation_speed=\u00bb1000&#8243; animation_delay=\u00bb200&#8243; interval_animation=\u00bb200&#8243; uncode_shortcode_id=\u00bb143520&#8243; heading_custom_size=\u00bbclamp(30px,5vw,50px)\u00bb]A home without limits[\/vc_custom_heading][vc_single_image media=\u00bb154138&#8243; media_width_percent=\u00bb100&#8243; media_ratio=\u00bbfour-five\u00bb css_animation=\u00bbleft-t-right\u00bb uncode_shortcode_id=\u00bb137536&#8243;][\/vc_column][vc_column column_width_percent=\u00bb100&#8243; position_vertical=\u00bbmiddle\u00bb gutter_size=\u00bb3&#8243; overlay_alpha=\u00bb50&#8243; shift_x=\u00bb0&#8243; shift_y=\u00bb0&#8243; shift_y_down=\u00bb0&#8243; z_index=\u00bb0&#8243; medium_width=\u00bb0&#8243; mobile_width=\u00bb0&#8243; css_animation=\u00bbleft-t-right\u00bb animation_delay=\u00bb2000&#8243; width=\u00bb2\/3&#8243; uncode_shortcode_id=\u00bb175814&#8243;][vc_custom_heading text_font=\u00bbfont-928874&#8243; text_size=\u00bbh3&#8243; uncode_shortcode_id=\u00bb196970&#8243;]Revestimientos[\/vc_custom_heading][vc_accordion history=\u00bbyes\u00bb target=\u00bbrow\u00bb typography=\u00bbadvanced\u00bb content_border=\u00bbyes\u00bb title_padding=\u00bbyes\u00bb gutter_simple=\u00bb1&#8243; active_bg_color=\u00bbcolor-xsdn\u00bb radius=\u00bbsm\u00bb shadow=\u00bblg\u00bb titles_size=\u00bbh4&#8243; titles_weight=\u00bb600&#8243; uncode_shortcode_id=\u00bb815071&#8243; active_bg_color_type=\u00bbuncode-palette\u00bb][vc_accordion_tab gutter_size=\u00bb2&#8243; column_padding=\u00bb2&#8243; title=\u00bbSOLERIAS\u00bb tab_id=\u00bb1671545360-1-3416728529763801715764905522&#8243; slug=\u00bbwooCommerce\u00bb][vc_column_text uncode_shortcode_id=\u00bb772733&#8243;]<\/p>\n<p class=\"p1\"><strong>SOLERIA GENERAL PISO<br \/>\n<\/strong>LINKFLOOR KINGDOM PERSIA 100245946 | 22,8X180X0,55CM<\/p>\n<p class=\"p1\"><strong>SOLERIA DETALLE COCINA<br \/>\n<\/strong><span style=\"font-family: -apple-system, BlinkMacSystemFont, 'Segoe UI', Roboto, Oxygen-Sans, Ubuntu, Cantarell, 'Helvetica Neue', sans-serif;\">HIDR\u00c1ULICO<\/span><\/p>\n<p class=\"p1\"><strong>SOLERIA BA\u00d1O 1<\/strong><br \/>\nDURANGO BONE 100291816 33,3X100(A)<\/p>\n<p class=\"p1\"><strong>SOLERIA BA\u00d1O 2<\/strong><br \/>\n<span style=\"font-family: -apple-system, BlinkMacSystemFont, 'Segoe UI', Roboto, Oxygen-Sans, Ubuntu, Cantarell, 'Helvetica Neue', sans-serif;\">LINKFLOOR KINGDOM PERSIA 100245946 | <\/span><span style=\"font-family: -apple-system, BlinkMacSystemFont, 'Segoe UI', Roboto, Oxygen-Sans, Ubuntu, Cantarell, 'Helvetica Neue', sans-serif;\">22,8X180X0,55CM<\/span><\/p>\n<p class=\"p1\"><strong>SOLERIA PATIOS<\/strong><br \/>\nBARRO[\/vc_column_text][\/vc_accordion_tab][vc_accordion_tab gutter_size=\u00bb2&#8243; column_padding=\u00bb2&#8243; title=\u00bbPARAMENTOS VERTICALES\u00bb tab_id=\u00bb1671545360-2-2516728529763801715764905522&#8243; slug=\u00bbimages\u00bb][vc_column_text uncode_shortcode_id=\u00bb106938&#8243;]<\/p>\n<p class=\"p1\"><strong>BA\u00d1O 1 (Planta baja)<br \/>\n<\/strong>ORAC DECOR. Rodapi\u00e9 Rf. DX163-2300<br \/>\n<span style=\"font-family: -apple-system, BlinkMacSystemFont, 'Segoe UI', Roboto, Oxygen-Sans, Ubuntu, Cantarell, 'Helvetica Neue', sans-serif;\">SQUARE, piezas de L 230 x H 10,1 x A 1,3 cm<br \/>\n<\/span><span style=\"font-family: -apple-system, BlinkMacSystemFont, 'Segoe UI', Roboto, Oxygen-Sans, Ubuntu, Cantarell, 'Helvetica Neue', sans-serif;\">DURANGO BONE 100291816 33,3X100(A)<br \/>\n<\/span><span style=\"font-family: -apple-system, BlinkMacSystemFont, 'Segoe UI', Roboto, Oxygen-Sans, Ubuntu, Cantarell, 'Helvetica Neue', sans-serif;\">TRECCIA NATURAL 100314015 59,6X150CM<br \/>\n<\/span><span style=\"font-family: -apple-system, BlinkMacSystemFont, 'Segoe UI', Roboto, Oxygen-Sans, Ubuntu, Cantarell, 'Helvetica Neue', sans-serif;\">WOVEN SKINS EMPYREAL WOVEN<br \/>\n<\/span><span style=\"font-family: -apple-system, BlinkMacSystemFont, 'Segoe UI', Roboto, Oxygen-Sans, Ubuntu, Cantarell, 'Helvetica Neue', sans-serif;\">SAPPHIRE 100332393 70X1000CM 1,44 m<br \/>\n<\/span><span style=\"font-family: -apple-system, BlinkMacSystemFont, 'Segoe UI', Roboto, Oxygen-Sans, Ubuntu, Cantarell, 'Helvetica Neue', sans-serif;\">ALTO X 1,65 m ANCHO<\/span><\/p>\n<p class=\"p1\"><strong>ASEO (Planta baja)<br \/>\n<\/strong><span style=\"font-family: -apple-system, BlinkMacSystemFont, 'Segoe UI', Roboto, Oxygen-Sans, Ubuntu, Cantarell, 'Helvetica Neue', sans-serif;\">ORAC DECOR. Rodapi\u00e9 Rf. DX163-2300<br \/>\n<\/span><span style=\"font-family: -apple-system, BlinkMacSystemFont, 'Segoe UI', Roboto, Oxygen-Sans, Ubuntu, Cantarell, 'Helvetica Neue', sans-serif;\">SQUARE, piezas de L 230 x H 10,1 x A 1,3 cm<br \/>\n<\/span><span style=\"font-family: -apple-system, BlinkMacSystemFont, 'Segoe UI', Roboto, Oxygen-Sans, Ubuntu, Cantarell, 'Helvetica Neue', sans-serif;\">DURANGO BONE 100291816 33,3X100(A)<\/span><\/p>\n<p class=\"p1\"><strong>BA\u00d1O 1 (1\u00bay2\u00baplanta)<br \/>\n<\/strong><span style=\"font-family: -apple-system, BlinkMacSystemFont, 'Segoe UI', Roboto, Oxygen-Sans, Ubuntu, Cantarell, 'Helvetica Neue', sans-serif;\">ORAC DECOR. Rodapi\u00e9 Rf. DX163-2300<br \/>\n<\/span>SQUARE, piezas de L 230 x H 10,1 x A 1,3 cm<br \/>\nDURANGO BONE 100291816 33,3X100(A)<br \/>\nTRECCIA NATURAL 100314015 59,6X150CM<br \/>\nWOVEN SKINS EMPYREAL WOVEN<br \/>\nSAPPHIRE 100332393 70X1000CM 1,44 m<br \/>\nALTO X 1,65 m ANCHO<\/p>\n<p class=\"p1\"><strong>BA\u00d1O 2 (1\u00bay2\u00baplanta)<br \/>\n<\/strong>ORAC DECOR. Rodapi\u00e9 Rf. DX163-2300<br \/>\nSQUARE, piezas de L 230 x H 10,1 x A 1,3 cm<br \/>\nDURANGO BONE 100291816 33,3X100(A)<\/p>\n<p class=\"p1\"><strong>BA\u00d1O CASET\u00d3N<br \/>\n<\/strong><span style=\"font-family: -apple-system, BlinkMacSystemFont, 'Segoe UI', Roboto, Oxygen-Sans, Ubuntu, Cantarell, 'Helvetica Neue', sans-serif;\">ORAC DECOR. Rodapi\u00e9 Rf. DX163-2300<br \/>\n<\/span>SQUARE, piezas de L 230 x H 10,1 x A 1,3 cm<br \/>\nDURANGO BONE 100291816 33,3X100(A)<\/p>\n<p class=\"p1\"><strong>Referencia<\/strong><\/p>\n<p class=\"p1\">DURANGO BONE 100291816 | 33,3X100(A)<\/p>\n<p class=\"p1\">WOVEN SKINS EMPYREAL WOVEN SAPPHIRE 100332393<br \/>\n70X1000CM 1,44 m ALTO X 1,65 m ANCHO<\/p>\n<p class=\"p1\">TRECCIA NATURAL 100314015 | 59,6X150CM<\/p>\n<p class=\"p1\">LINKFLOOR KINGDOM PERSIA | 100245946 | 22,8X180X0,55CM<\/p>\n<p>&nbsp;[\/vc_column_text][\/vc_accordion_tab][\/vc_accordion][\/vc_column][\/vc_row][vc_row row_height_percent=\u00bb0&#8243; override_padding=\u00bbyes\u00bb h_padding=\u00bb2&#8243; top_padding=\u00bb5&#8243; bottom_padding=\u00bb5&#8243; back_image=\u00bb154224&#8243; back_repeat=\u00bbrepeat\u00bb overlay_alpha=\u00bb50&#8243; gutter_size=\u00bb4&#8243; column_width_percent=\u00bb100&#8243; shift_y=\u00bb0&#8243; z_index=\u00bb0&#8243; content_parallax=\u00bb0&#8243; uncode_shortcode_id=\u00bb819517&#8243; back_size=\u00bbauto\u00bb][vc_column column_width_percent=\u00bb100&#8243; position_vertical=\u00bbmiddle\u00bb gutter_size=\u00bb3&#8243; overlay_alpha=\u00bb50&#8243; shift_x=\u00bb0&#8243; shift_y=\u00bb0&#8243; shift_y_down=\u00bb0&#8243; z_index=\u00bb0&#8243; medium_width=\u00bb0&#8243; mobile_width=\u00bb0&#8243; width=\u00bb1\/3&#8243; uncode_shortcode_id=\u00bb124617&#8243;][vc_single_image media=\u00bb154525&#8243; media_width_percent=\u00bb100&#8243; media_ratio=\u00bbfour-five\u00bb css_animation=\u00bbleft-t-right\u00bb uncode_shortcode_id=\u00bb207978&#8243;][\/vc_column][vc_column column_width_percent=\u00bb100&#8243; position_vertical=\u00bbmiddle\u00bb gutter_size=\u00bb3&#8243; overlay_alpha=\u00bb50&#8243; shift_x=\u00bb0&#8243; shift_y=\u00bb0&#8243; shift_y_down=\u00bb0&#8243; z_index=\u00bb0&#8243; medium_width=\u00bb0&#8243; mobile_width=\u00bb0&#8243; css_animation=\u00bbleft-t-right\u00bb animation_delay=\u00bb2000&#8243; width=\u00bb2\/3&#8243; uncode_shortcode_id=\u00bb175814&#8243;][vc_custom_heading text_font=\u00bbfont-928874&#8243; text_size=\u00bbh3&#8243; uncode_shortcode_id=\u00bb144388&#8243;]Sanitarios y Grifer\u00edas[\/vc_custom_heading][vc_accordion history=\u00bbyes\u00bb target=\u00bbrow\u00bb typography=\u00bbadvanced\u00bb content_border=\u00bbyes\u00bb title_padding=\u00bbyes\u00bb gutter_simple=\u00bb1&#8243; active_bg_color=\u00bbcolor-xsdn\u00bb radius=\u00bbsm\u00bb shadow=\u00bblg\u00bb titles_size=\u00bbh4&#8243; titles_weight=\u00bb600&#8243; uncode_shortcode_id=\u00bb297595&#8243; active_bg_color_type=\u00bbuncode-palette\u00bb][vc_accordion_tab gutter_size=\u00bb2&#8243; column_padding=\u00bb2&#8243; title=\u00bbINODOROS\u00bb tab_id=\u00bb1744212072-1-16&#8243;][vc_column_text uncode_shortcode_id=\u00bb643875&#8243;]<strong>CATALANO<\/strong><\/p>\n<p class=\"p1\">Catalano Wc Zero suspendido de 35&#215;55, sistema Newflush, con tapa extraplana, amortiguada y extraible blanco brillo<\/p>\n<p>[\/vc_column_text][\/vc_accordion_tab][vc_accordion_tab gutter_size=\u00bb2&#8243; column_padding=\u00bb2&#8243; title=\u00bbGRIFER\u00cdA DUCHA\u00bb tab_id=\u00bb1744212072-2-38&#8243;][vc_column_text uncode_shortcode_id=\u00bb614283&#8243;]<strong>QUADRO<\/strong><\/p>\n<p class=\"p1\">Source Acero satinado, grupo ducha mezclador termost\u00e1tico y llave de paso con 2 salidas\/ud<\/p>\n<p class=\"p1\">Source Acero satinado, Teleducha con soporte, toma de agua y flexo\/ud<\/p>\n<p>[\/vc_column_text][\/vc_accordion_tab][vc_accordion_tab gutter_size=\u00bb2&#8243; column_padding=\u00bb2&#8243; title=\u00bbGRIFER\u00cdA LAVABO\u00bb tab_id=\u00bb1744212072-2-384&#8243;][vc_column_text uncode_shortcode_id=\u00bb612824&#8243;]<strong>QUADRO<\/strong><\/p>\n<p class=\"p1\">Source Acero satinado, grupo ducha mezclador termost\u00e1tico y llave de paso con 2 salidas\/ud<\/p>\n<p>[\/vc_column_text][\/vc_accordion_tab][vc_accordion_tab gutter_size=\u00bb2&#8243; column_padding=\u00bb2&#8243; title=\u00bbMUEBLE LAVABO BA\u00d1OS\u00bb tab_id=\u00bb1744212072-2-3840&#8243;][vc_column_text uncode_shortcode_id=\u00bb140404&#8243;]<strong>CIELO<\/strong><\/p>\n<p class=\"p1\">DELFO. Lavabo colocado sobre encimera ovalada en cer\u00e1mica. Mueble suspendido con puerta frontal en listones triangulares de madera maciza.<\/p>\n<p>[\/vc_column_text][\/vc_accordion_tab][vc_accordion_tab gutter_size=\u00bb2&#8243; column_padding=\u00bb2&#8243; title=\u00bbPLATO DUCHA\u00bb tab_id=\u00bb1744212072-2-38408&#8243;][vc_column_text uncode_shortcode_id=\u00bb575477&#8243;]<strong>PORCELANOSA<\/strong><\/p>\n<p class=\"p1\">Medidas 180X90<\/p>\n<p>[\/vc_column_text][\/vc_accordion_tab][vc_accordion_tab gutter_size=\u00bb2&#8243; column_padding=\u00bb2&#8243; title=\u00bbPLATO DUCHA\u00bb tab_id=\u00bb1744212072-2-384087&#8243;][vc_column_text uncode_shortcode_id=\u00bb104020&#8243;]<strong>PORCELANOSA<\/strong><\/p>\n<p class=\"p1\">Medidas\u00a0100X80<\/p>\n<p>[\/vc_column_text][\/vc_accordion_tab][vc_accordion_tab gutter_size=\u00bb2&#8243; column_padding=\u00bb2&#8243; title=\u00bbMAMPARA\u00bb tab_id=\u00bb1744212072-2-3840877&#8243;][vc_column_text uncode_shortcode_id=\u00bb169992&#8243;]<strong>PORCELANOSA<\/strong>[\/vc_column_text][\/vc_accordion_tab][\/vc_accordion][\/vc_column][\/vc_row][vc_row row_height_percent=\u00bb0&#8243; override_padding=\u00bbyes\u00bb h_padding=\u00bb2&#8243; top_padding=\u00bb5&#8243; bottom_padding=\u00bb5&#8243; back_image=\u00bb154224&#8243; back_repeat=\u00bbrepeat\u00bb overlay_alpha=\u00bb50&#8243; gutter_size=\u00bb4&#8243; column_width_percent=\u00bb100&#8243; shift_y=\u00bb0&#8243; z_index=\u00bb0&#8243; content_parallax=\u00bb0&#8243; uncode_shortcode_id=\u00bb819517&#8243; back_size=\u00bbauto\u00bb][vc_column column_width_percent=\u00bb100&#8243; position_vertical=\u00bbmiddle\u00bb gutter_size=\u00bb3&#8243; overlay_alpha=\u00bb50&#8243; shift_x=\u00bb0&#8243; shift_y=\u00bb0&#8243; shift_y_down=\u00bb0&#8243; z_index=\u00bb0&#8243; medium_width=\u00bb0&#8243; mobile_width=\u00bb0&#8243; width=\u00bb1\/3&#8243; uncode_shortcode_id=\u00bb124617&#8243;][vc_single_image media=\u00bb154532&#8243; media_width_percent=\u00bb100&#8243; media_ratio=\u00bbfour-five\u00bb css_animation=\u00bbleft-t-right\u00bb uncode_shortcode_id=\u00bb755337&#8243;][\/vc_column][vc_column column_width_percent=\u00bb100&#8243; position_vertical=\u00bbmiddle\u00bb gutter_size=\u00bb3&#8243; overlay_alpha=\u00bb50&#8243; shift_x=\u00bb0&#8243; shift_y=\u00bb0&#8243; shift_y_down=\u00bb0&#8243; z_index=\u00bb0&#8243; medium_width=\u00bb0&#8243; mobile_width=\u00bb0&#8243; css_animation=\u00bbleft-t-right\u00bb animation_delay=\u00bb2000&#8243; width=\u00bb2\/3&#8243; uncode_shortcode_id=\u00bb175814&#8243;][vc_custom_heading text_font=\u00bbfont-928874&#8243; text_size=\u00bbh3&#8243; uncode_shortcode_id=\u00bb187863&#8243;]iluminaci\u00f3n y sistema de encedidos[\/vc_custom_heading][vc_accordion history=\u00bbyes\u00bb target=\u00bbrow\u00bb typography=\u00bbadvanced\u00bb content_border=\u00bbyes\u00bb title_padding=\u00bbyes\u00bb gutter_simple=\u00bb1&#8243; active_bg_color=\u00bbcolor-xsdn\u00bb radius=\u00bbsm\u00bb shadow=\u00bblg\u00bb titles_size=\u00bbh4&#8243; titles_weight=\u00bb600&#8243; uncode_shortcode_id=\u00bb189937&#8243; active_bg_color_type=\u00bbuncode-palette\u00bb][vc_accordion_tab gutter_size=\u00bb2&#8243; column_padding=\u00bb2&#8243; title=\u00bbILUMINACI\u00d3N\u00bb tab_id=\u00bb1744213573-1-50&#8243;][vc_column_text uncode_shortcode_id=\u00bb946842&#8243;]<\/p>\n<p class=\"p1\"><strong>IGUZZINI<\/strong><\/p>\n<p class=\"p1\">Laser Blade Minimal 5 c\u00e1maras &#8211; Flood &#8211; LED 9.9W 1100lm &#8211; 3000K &#8211; CRI 90 &#8211; DALI &#8211; Color: blanco<br \/>\nLaser Empotrable circular fijo- LED &#8211; flood &#8211; IP65 9.9W 1200lm &#8211; 2700K -CRI 90 &#8211; Color: Blanco[\/vc_column_text][\/vc_accordion_tab][vc_accordion_tab gutter_size=\u00bb2&#8243; column_padding=\u00bb2&#8243; title=\u00bbLLAVES Y ENCHUFES\u00bb tab_id=\u00bb1744213573-2-97&#8243;][vc_column_text uncode_shortcode_id=\u00bb880703&#8243;]<\/p>\n<p class=\"p1\"><strong>JUNG<br \/>\n<\/strong>Interruptor simple Placa simple (1 pal.) Marco simple. Acabado acero.<br \/>\nInterruptor doble Placa simple (2 pal.) Marco simple. Acabado acero.<br \/>\nInterruptor doble Interruptor doble Placa doble horiz.. (4 pal.) Marco doble. Acabado acero.<br \/>\nEnchufe SCHUKO\u00ae 16 A \/ 250 V~ ES 1520-O LNW. Acabado acero[\/vc_column_text][\/vc_accordion_tab][\/vc_accordion][\/vc_column][\/vc_row][vc_row unlock_row_content=\u00bbyes\u00bb row_height_percent=\u00bb0&#8243; override_padding=\u00bbyes\u00bb h_padding=\u00bb0&#8243; top_padding=\u00bb0&#8243; bottom_padding=\u00bb0&#8243; overlay_alpha=\u00bb50&#8243; gutter_size=\u00bb3&#8243; column_width_percent=\u00bb100&#8243; shift_y=\u00bb0&#8243; z_index=\u00bb0&#8243; content_parallax=\u00bb0&#8243; uncode_shortcode_id=\u00bb111098&#8243;][vc_column width=\u00bb1\/1&#8243;][uncode_block id=\u00bb154302&#8243;][\/vc_column][\/vc_row]<\/p>\n<\/div>","protected":false},"excerpt":{"rendered":"<p>[vc_row row_height_percent=\u00bb100&#8243; override_padding=\u00bbyes\u00bb h_padding=\u00bb0&#8243; top_padding=\u00bb5&#8243; bottom_padding=\u00bb5&#8243; back_color=\u00bbcolor-wayh\u00bb back_image=\u00bb154956&#8243; kburns=\u00bbyes\u00bb overlay_color=\u00bbcolor-wayh\u00bb overlay_alpha=\u00bb50&#8243; gutter_size=\u00bb3&#8243; column_width_percent=\u00bb100&#8243; shift_y=\u00bb0&#8243; z_index=\u00bb0&#8243; content_parallax=\u00bb0&#8243; uncode_shortcode_id=\u00bb143409&#8243; back_color_type=\u00bbuncode-palette\u00bb overlay_color_type=\u00bbuncode-palette\u00bb back_size=\u00bbcontain\u00bb][vc_column [&hellip;]<\/p>\n","protected":false},"author":1,"featured_media":0,"parent":0,"menu_order":0,"comment_status":"closed","ping_status":"closed","template":"","meta":{"footnotes":""},"class_list":["post-154910","page","type-page","status-publish","hentry"],"_links":{"self":[{"href":"https:\/\/coronado-4.com\/es\/wp-json\/wp\/v2\/pages\/154910","targetHints":{"allow":["GET"]}}],"collection":[{"href":"https:\/\/coronado-4.com\/es\/wp-json\/wp\/v2\/pages"}],"about":[{"href":"https:\/\/coronado-4.com\/es\/wp-json\/wp\/v2\/types\/page"}],"author":[{"embeddable":true,"href":"https:\/\/coronado-4.com\/es\/wp-json\/wp\/v2\/users\/1"}],"replies":[{"embeddable":true,"href":"https:\/\/coronado-4.com\/es\/wp-json\/wp\/v2\/comments?post=154910"}],"version-history":[{"count":8,"href":"https:\/\/coronado-4.com\/es\/wp-json\/wp\/v2\/pages\/154910\/revisions"}],"predecessor-version":[{"id":154978,"href":"https:\/\/coronado-4.com\/es\/wp-json\/wp\/v2\/pages\/154910\/revisions\/154978"}],"wp:attachment":[{"href":"https:\/\/coronado-4.com\/es\/wp-json\/wp\/v2\/media?parent=154910"}],"curies":[{"name":"wp","href":"https:\/\/api.w.org\/{rel}","templated":true}]}}